{"id":81,"date":"2020-09-29T10:21:23","date_gmt":"2020-09-29T08:21:23","guid":{"rendered":"https:\/\/ensifer.t44.pl\/produkt\/messer\/"},"modified":"2022-01-20T16:03:50","modified_gmt":"2022-01-20T15:03:50","slug":"messer","status":"publish","type":"product","link":"https:\/\/old.ensifer.pl\/pl\/produkt\/messer\/","title":{"rendered":"KORD AD. 2018"},"content":{"rendered":"<ul>\n<li>Rok gwarancji na z\u0142amanie klingi<\/li>\n<li>Wyj\u0105tkowo lekka, bezpieczna, wkl\u0119s\u0142o szlifowana klinga<\/li>\n<li>Krzywizna g\u0142owni: 5 mm<\/li>\n<li>2\u20133 mm zaoblona kraw\u0119d\u017a \u2013 twardo\u015b\u0107 50HRC<\/li>\n<li>Bardzo wytrzyma\u0142y, integralny nagel.<\/li>\n<li>Historycznie poprawny Punkt Cie\u017cko\u015bci - w przedziale orygina\u0142\u00f3w i bezpieczny<\/li>\n<li>Zakuta na gor\u0105co kwasoodporna g\u0142owica<\/li>\n<li>Dodatkowa w\u0105ska strudzina na klindze<\/li>\n<li>Fazowany, dobrze wyko\u0144czony i bezpieczny jelec<\/li>\n<li>Bezpieczny i pe\u0142ny sztych<\/li>\n<\/ul>\n<p>&nbsp;<\/p>\n<p><img loading=\"lazy\" class=\"alignnone wp-image-543 size-full\" src=\"https:\/\/old.ensifer.pl\/wp-content\/uploads\/2020\/09\/KORDY_AD.2018.png\" alt=\"\" width=\"1200\" height=\"322\" srcset=\"https:\/\/old.ensifer.pl\/wp-content\/uploads\/2020\/09\/KORDY_AD.2018-768x206.png 768w, https:\/\/old.ensifer.pl\/wp-content\/uploads\/2020\/09\/KORDY_AD.2018-600x161.png 600w\" sizes=\"(max-width: 1200px) 100vw, 1200px\" \/><\/p>\n<p>&nbsp;<\/p>\n<div class=\"ast-oembed-container\" style=\"height: 100%;\"><iframe loading=\"lazy\" title=\"Sharp Ad. 2018 Messer\" src=\"https:\/\/player.vimeo.com\/video\/495534514?h=4815b9f32a&amp;dnt=1&amp;app_id=122963\" width=\"500\" height=\"281\" frameborder=\"0\" allow=\"autoplay; fullscreen; picture-in-picture\" allowfullscreen><\/iframe><\/div>\n<div class=\"ast-oembed-container\" style=\"height: 100%;\"><iframe loading=\"lazy\" title=\"Sharpness test - 35 degree angle\" src=\"https:\/\/player.vimeo.com\/video\/495765600?h=91cfefb38b&amp;dnt=1&amp;app_id=122963\" width=\"500\" height=\"281\" frameborder=\"0\" allow=\"autoplay; fullscreen; picture-in-picture\" allowfullscreen><\/iframe><\/div>\n<p>&nbsp;<\/p>\n<p>&nbsp;<\/p>","protected":false},"excerpt":{"rendered":"<p>Our finest version of messer, very close to originals. Finest materials and agile blade.<\/p>\n<table style=\"width: 66%; border-collapse: collapse; background-color: #2e2d2d; height: auto;\">\n<tbody>\n<tr style=\"height: auto;\">\n<td style=\"width: 100%; height: auto;\"><span style=\"color: #ffffff;\">D\u0142ugo\u015b\u0107 ca\u0142kowita \u2013 90 cm,<\/span><br \/>\n<span style=\"color: #ffffff;\">D\u0142ugo\u015b\u0107 klingi - 72 cm,<\/span><br \/>\n<span style=\"color: #ffffff;\">Weight ~ 790g,<\/span><br \/>\n<span style=\"color: #ffffff;\">Grubo\u015b\u0107 wyj\u015bciowa - 6mm<\/span><br \/>\n<span style=\"color: #ffffff;\">Szeroko\u015b\u0107 bazowa klingi \u2013 39 mm<\/span><br \/>\n<span style=\"color: #ffffff;\">Punkt Ci\u0119\u017cko\u015b\u0107 11 cm,<\/span><br \/>\n<span style=\"color: #ffffff;\">Flex \u2013 7,5 \u2013 8 kg<\/span><\/td>\n<\/tr>\n<\/tbody>\n<\/table>\n<p>&nbsp;<\/p>","protected":false},"featured_media":2940,"comment_status":"open","ping_status":"closed","template":"","meta":{"site-sidebar-layout":"default","site-content-layout":"default","ast-global-header-display":"","ast-main-header-display":"","ast-hfb-above-header-display":"","ast-hfb-below-header-display":"","ast-hfb-mobile-header-display":"","site-post-title":"","ast-breadcrumbs-content":"","ast-featured-img":"","footer-sml-layout":"","theme-transparent-header-meta":"default","adv-header-id-meta":"","stick-header-meta":"","header-above-stick-meta":"","header-main-stick-meta":"","header-below-stick-meta":""},"product_cat":[25],"product_tag":[],"acf":[],"_links":{"self":[{"href":"https:\/\/old.ensifer.pl\/pl\/wp-json\/wp\/v2\/product\/81"}],"collection":[{"href":"https:\/\/old.ensifer.pl\/pl\/wp-json\/wp\/v2\/product"}],"about":[{"href":"https:\/\/old.ensifer.pl\/pl\/wp-json\/wp\/v2\/types\/product"}],"replies":[{"embeddable":true,"href":"https:\/\/old.ensifer.pl\/pl\/wp-json\/wp\/v2\/comments?post=81"}],"wp:featuredmedia":[{"embeddable":true,"href":"https:\/\/old.ensifer.pl\/pl\/wp-json\/wp\/v2\/media\/2940"}],"wp:attachment":[{"href":"https:\/\/old.ensifer.pl\/pl\/wp-json\/wp\/v2\/media?parent=81"}],"wp:term":[{"taxonomy":"product_cat","embeddable":true,"href":"https:\/\/old.ensifer.pl\/pl\/wp-json\/wp\/v2\/product_cat?post=81"},{"taxonomy":"product_tag","embeddable":true,"href":"https:\/\/old.ensifer.pl\/pl\/wp-json\/wp\/v2\/product_tag?post=81"}],"curies":[{"name":"wp","href":"https:\/\/api.w.org\/{rel}","templated":true}]}}