{"id":797,"date":"2020-12-23T22:44:01","date_gmt":"2020-12-23T21:44:01","guid":{"rendered":"https:\/\/ensifer.t44.pl\/?post_type=product&#038;p=797"},"modified":"2022-05-05T13:38:31","modified_gmt":"2022-05-05T11:38:31","slug":"towarzysz","status":"publish","type":"product","link":"https:\/\/old.ensifer.pl\/pl\/produkt\/towarzysz\/","title":{"rendered":"SZABLA TOWARZYSZ"},"content":{"rendered":"<ul>\n<li>Sharp blade only<\/li>\n<li>Fa\u0142szywe ostrze<\/li>\n<li>R\u0119koje\u015b\u0107 pokryta sk\u00f3r\u0105, r\u0119cznie szyta (13 cm)<\/li>\n<li>Hartowany jelec z kab\u0142\u0105kiem<\/li>\n<li>Ostrze ze stali spr\u0119\u017cynowej ze zbroczem oraz dodatkow\u0105 strudzin\u0105<\/li>\n<li>Twardo\u015b\u0107 klingi  ~ 50 HRC<\/li>\n<li>Lutowany mosi\u0105dzem kapturek<\/li>\n<\/ul>\n<p><a href=\"https:\/\/old.ensifer.pl\/wp-content\/uploads\/2020\/12\/PocztowyTowarzysz.svg\"><img loading=\"lazy\" class=\"wp-image-3189 aligncenter\" src=\"https:\/\/old.ensifer.pl\/wp-content\/uploads\/2020\/12\/PocztowyTowarzysz.svg\" alt=\"\" width=\"1420\" height=\"355\" \/><\/a><\/p>\n<p>&nbsp;<\/p>\n<p>&nbsp;<\/p>\n<blockquote><p><span style=\"font-size: 12pt; color: #000000;\">&#8220;The hussars, who are lancers and nobleman of large estate(&#8230;) the lancers serve in five horses each, so in a company of hundres lancers thers is only twenty Masters (comrades) who go at the very front and thus are the commnaders of the file &amp; the subsequent four ranks, each in its own file, are their servants&#8221;<\/span><\/p><\/blockquote>\n<p><span style=\"font-size: 8pt;\">Guillame le Vasseur de Bauplan, <em>Description d&#8221;Ukraine&#8230;\u00a0 <\/em><\/span><span style=\"font-size: 8pt;\">(from Winged Hussars, R. Sikora R. Szleszy\u0144ski)<\/span><\/p>\n<p>&nbsp;<\/p>","protected":false},"excerpt":{"rendered":"<p><span style=\"font-size: 12pt; font-family: georgia, palatino, serif;\"><i>Towarzysz<\/i> or <i>comiliton <\/i>(\u201ecompanion\u201d or \u201ebrother in arms\u201d) was a senior soldier in the ranks of Polish winged hussars. The sharp version of this sabre is a fully functional replica based on originals from Polish museums.<\/span><\/p>\n<p><span style=\"font-size: 12pt; font-family: georgia, palatino, serif;\">Only sharp version.<\/span><\/p>\n<table style=\"width: 66%; border-collapse: collapse; background-color: #2e2d2d;\">\n<tbody>\n<tr>\n<td style=\"width: 100%;\"><span style=\"font-size: 12pt; font-family: georgia, palatino, serif; color: #ffffff;\">D\u0142ugo\u015b\u0107 ca\u0142kowita: 95 - 97 cm<\/span><br \/>\n<span style=\"font-size: 12pt; font-family: georgia, palatino, serif; color: #ffffff;\">Blade lenght: 83 cm<\/span><br \/>\n<span style=\"font-size: 12pt; font-family: georgia, palatino, serif; color: #ffffff;\">Grip lenght: 13 cm (leather) or 14 cm (cord)<\/span><br \/>\n<span style=\"font-size: 12pt; font-family: georgia, palatino, serif; color: #ffffff;\">Krzywizna g\u0142owni: 45 mm<\/span><br \/>\n<span style=\"font-size: 12pt; font-family: georgia, palatino, serif; color: #ffffff;\">Grubo\u015b\u0107 g\u0142owni  \u2013 7 mm to 3 mm<\/span><br \/>\n<span style=\"font-size: 12pt; font-family: georgia, palatino, serif; color: #ffffff;\">Waga: ~ 790 \u2013 850 g<\/span><br \/>\n<span style=\"font-size: 12pt; font-family: georgia, palatino, serif; color: #ffffff;\">PoB \u2013 ? cm<\/span><br \/>\n<span style=\"font-size: 12pt; font-family: georgia, palatino, serif; color: #ffffff;\">Blade flex ~ 15 kg<\/span><\/td>\n<\/tr>\n<\/tbody>\n<\/table>\n<p>&nbsp;<\/p>\n<p>&nbsp;<\/p>","protected":false},"featured_media":2968,"comment_status":"open","ping_status":"closed","template":"","meta":{"site-sidebar-layout":"default","site-content-layout":"default","ast-global-header-display":"","ast-main-header-display":"","ast-hfb-above-header-display":"","ast-hfb-below-header-display":"","ast-hfb-mobile-header-display":"","site-post-title":"","ast-breadcrumbs-content":"","ast-featured-img":"","footer-sml-layout":"","theme-transparent-header-meta":"default","adv-header-id-meta":"","stick-header-meta":"","header-above-stick-meta":"","header-main-stick-meta":"","header-below-stick-meta":""},"product_cat":[28],"product_tag":[],"acf":[],"_links":{"self":[{"href":"https:\/\/old.ensifer.pl\/pl\/wp-json\/wp\/v2\/product\/797"}],"collection":[{"href":"https:\/\/old.ensifer.pl\/pl\/wp-json\/wp\/v2\/product"}],"about":[{"href":"https:\/\/old.ensifer.pl\/pl\/wp-json\/wp\/v2\/types\/product"}],"replies":[{"embeddable":true,"href":"https:\/\/old.ensifer.pl\/pl\/wp-json\/wp\/v2\/comments?post=797"}],"wp:featuredmedia":[{"embeddable":true,"href":"https:\/\/old.ensifer.pl\/pl\/wp-json\/wp\/v2\/media\/2968"}],"wp:attachment":[{"href":"https:\/\/old.ensifer.pl\/pl\/wp-json\/wp\/v2\/media?parent=797"}],"wp:term":[{"taxonomy":"product_cat","embeddable":true,"href":"https:\/\/old.ensifer.pl\/pl\/wp-json\/wp\/v2\/product_cat?post=797"},{"taxonomy":"product_tag","embeddable":true,"href":"https:\/\/old.ensifer.pl\/pl\/wp-json\/wp\/v2\/product_tag?post=797"}],"curies":[{"name":"wp","href":"https:\/\/api.w.org\/{rel}","templated":true}]}}