{"id":794,"date":"2020-12-23T22:40:58","date_gmt":"2020-12-23T21:40:58","guid":{"rendered":"https:\/\/ensifer.t44.pl\/?post_type=product&#038;p=794"},"modified":"2022-01-20T15:47:56","modified_gmt":"2022-01-20T14:47:56","slug":"pocztowy-sabre","status":"publish","type":"product","link":"https:\/\/old.ensifer.pl\/pl\/produkt\/pocztowy-sabre\/","title":{"rendered":"SZABLA POCZTOWY"},"content":{"rendered":"<ul>\n<li>Ostra klinga<\/li>\n<li>Fa\u0142szywe ostrze<\/li>\n<li>R\u0119koje\u015b\u0107 pokryta sk\u00f3r\u0105, r\u0119cznie szyta (13 cm)<\/li>\n<li>Hardened Knucklebow<\/li>\n<li>Ostrze ze stali spr\u0119\u017cynowej ze zbroczem oraz dodatkow\u0105 strudzin\u0105<\/li>\n<li>Twardo\u015b\u0107 klingi  ~ 50 HRC<\/li>\n<li>Lutowany mosi\u0105dzem kapturek<\/li>\n<\/ul>\n<p>&nbsp;<\/p>\n<p><img loading=\"lazy\" class=\"size-full wp-image-2656 aligncenter\" src=\"https:\/\/old.ensifer.pl\/wp-content\/uploads\/2020\/12\/Pocztowy_SZKIC_1000.png\" alt=\"\" width=\"1000\" height=\"296\" srcset=\"https:\/\/old.ensifer.pl\/wp-content\/uploads\/2020\/12\/Pocztowy_SZKIC_1000.png 1000w, https:\/\/old.ensifer.pl\/wp-content\/uploads\/2020\/12\/Pocztowy_SZKIC_1000-768x227.png 768w, https:\/\/old.ensifer.pl\/wp-content\/uploads\/2020\/12\/Pocztowy_SZKIC_1000-600x177.png 600w\" sizes=\"(max-width: 1000px) 100vw, 1000px\" \/><\/p>\n<p>&nbsp;<\/p>\n<p>&nbsp;<\/p>\n<p><iframe loading=\"lazy\" src=\"\/\/player.vimeo.com\/video\/493441060?title=0&amp;byline=0&amp;portrait=0&amp;color=8dc7dc\" width=\"425\" height=\"350\" allowfullscreen=\"allowfullscreen\"><\/iframe><iframe loading=\"lazy\" src=\"\/\/player.vimeo.com\/video\/493440897?title=0&amp;byline=0&amp;portrait=0&amp;color=8dc7dc\" width=\"425\" height=\"350\" allowfullscreen=\"allowfullscreen\"><\/iframe><iframe loading=\"lazy\" src=\"\/\/player.vimeo.com\/video\/493441143?title=0&amp;byline=0&amp;portrait=0&amp;color=8dc7dc\" width=\"425\" height=\"350\" allowfullscreen=\"allowfullscreen\"><\/iframe><\/p>\n<p>&nbsp;<\/p>","protected":false},"excerpt":{"rendered":"<p><span style=\"font-size: 12pt; font-family: georgia, palatino, serif;\"><i>Pocztowy<\/i> (\u201eretainer\u201d) was an equivalent of private in the ranks of the Polish winged hussars between the 16th and 18th centuries. The sharp version of this sabre is a fully functional replica.<\/span><\/p>\n<p><span style=\"font-family: georgia, palatino, serif; font-size: 12pt;\">Only sharp version<\/span><\/p>\n<table style=\"width: 60%; border-collapse: collapse; background-color: #2e2d2d;\">\n<tbody>\n<tr>\n<td style=\"width: 100%;\"><span style=\"font-family: georgia, palatino, serif; font-size: 12pt;\">Total length: 95 cm<br \/>\nBlade length: 83 cm<br \/>\nGrip length: 12 cm (leather)<br \/>\nBlade curvature: 4\u20137 cm<br \/>\nBlade thickness: 2\u20137 mm<br \/>\nEdge thickness: sharp<br \/>\nWaga: ~ 760\u2013780 g<br \/>\nPunkt Ci\u0119\u017cko\u015bci: 17\u201316.5 cm<br \/>\nFlex ~ 8 kg<\/span><\/td>\n<\/tr>\n<\/tbody>\n<\/table>","protected":false},"featured_media":2964,"comment_status":"open","ping_status":"closed","template":"","meta":{"site-sidebar-layout":"default","site-content-layout":"default","ast-global-header-display":"","ast-main-header-display":"","ast-hfb-above-header-display":"","ast-hfb-below-header-display":"","ast-hfb-mobile-header-display":"","site-post-title":"","ast-breadcrumbs-content":"","ast-featured-img":"","footer-sml-layout":"","theme-transparent-header-meta":"default","adv-header-id-meta":"","stick-header-meta":"","header-above-stick-meta":"","header-main-stick-meta":"","header-below-stick-meta":""},"product_cat":[28],"product_tag":[],"acf":[],"_links":{"self":[{"href":"https:\/\/old.ensifer.pl\/pl\/wp-json\/wp\/v2\/product\/794"}],"collection":[{"href":"https:\/\/old.ensifer.pl\/pl\/wp-json\/wp\/v2\/product"}],"about":[{"href":"https:\/\/old.ensifer.pl\/pl\/wp-json\/wp\/v2\/types\/product"}],"replies":[{"embeddable":true,"href":"https:\/\/old.ensifer.pl\/pl\/wp-json\/wp\/v2\/comments?post=794"}],"wp:featuredmedia":[{"embeddable":true,"href":"https:\/\/old.ensifer.pl\/pl\/wp-json\/wp\/v2\/media\/2964"}],"wp:attachment":[{"href":"https:\/\/old.ensifer.pl\/pl\/wp-json\/wp\/v2\/media?parent=794"}],"wp:term":[{"taxonomy":"product_cat","embeddable":true,"href":"https:\/\/old.ensifer.pl\/pl\/wp-json\/wp\/v2\/product_cat?post=794"},{"taxonomy":"product_tag","embeddable":true,"href":"https:\/\/old.ensifer.pl\/pl\/wp-json\/wp\/v2\/product_tag?post=794"}],"curies":[{"name":"wp","href":"https:\/\/api.w.org\/{rel}","templated":true}]}}