{"id":50,"date":"2020-09-25T21:28:19","date_gmt":"2020-09-25T19:28:19","guid":{"rendered":"https:\/\/ensifer.t44.pl\/produkt\/sabre\/"},"modified":"2022-06-09T09:54:41","modified_gmt":"2022-06-09T07:54:41","slug":"sabre","status":"publish","type":"product","link":"https:\/\/old.ensifer.pl\/pl\/produkt\/sabre\/","title":{"rendered":"CZARNA SZABLA"},"content":{"rendered":"<ul>\n<li>Ostrze ze stali spr\u0119\u017cynowej ze zbroczem oraz dodatkow\u0105 strudzin\u0105<\/li>\n<li>Zaokr\u0105glony, pe\u0142ny sztych (6mm)<\/li>\n<li>Fa\u0142szywe ostrze<\/li>\n<li>Twardo\u015b\u0107 klingi  ~ 50 HRC<\/li>\n<li>Hardened guard with silver soldered knucklebow<\/li>\n<li>Bezpieczne ko\u0144c\u00f3wki jelca<\/li>\n<li>Dwie wersje r\u0119koje\u015bci  - Regular (13,5 cm) i Long (14,5 cm)<\/li>\n<li>Kapturek lutowny mosi\u0105dzem - wersja Long 14,5 cm<\/li>\n<li>Kapturek lutowany srebrem - wersja Regular 13,5 cm<\/li>\n<\/ul>\n<p style=\"text-align: center;\"><img loading=\"lazy\" class=\"alignnone size-full wp-image-3460\" src=\"https:\/\/old.ensifer.pl\/wp-content\/uploads\/2020\/12\/BLACK-Sabre-2021.svg\" alt=\"\" width=\"2000\" height=\"500\" \/><\/p>","protected":false},"excerpt":{"rendered":"<p>Podstawowy, treningowy model polskiej szabli, o szerokiej i szybkiej klindze, idealnej do \u0107wiczenia Sztuki Krzy\u017cowej.<\/p>\n<table style=\"width: 66%; border-collapse: collapse; background-color: #2e2d2d;\">\n<tbody>\n<tr>\n<td style=\"width: 100%;\"><span style=\"color: #ffffff;\">D\u0142ugo\u015b\u0107 ca\u0142kowita: 95 - 97 cm<\/span><br \/>\n<span style=\"color: #ffffff;\">Blade length: 83 cm<\/span><br \/>\n<span style=\"color: #ffffff;\">Regular Grip length: 13,5 cm<\/span><br \/>\n<span style=\"color: #ffffff;\">Long Grip length: 14,5 cm<\/span><br \/>\n<span style=\"color: #ffffff;\">Krzywizna g\u0142owni: 4 cm<\/span><br \/>\n<span style=\"color: #ffffff;\">Grubo\u015b\u0107 g\u0142owni: 6 mm - 3 mm<\/span><br \/>\n<span style=\"color: #ffffff;\">Grubo\u015b\u0107 ostrza: 3\u20132mm<\/span><br \/>\n<span style=\"color: #ffffff;\">Waga: ~ 760\u2013780 g<\/span><br \/>\n<span style=\"color: #ffffff;\">PoB: ~ 17,5 cm<\/span><br \/>\n<span style=\"color: #ffffff;\">Blade flex: ~ 8- 9 kg<\/span><\/td>\n<\/tr>\n<\/tbody>\n<\/table>\n<p>&nbsp;<\/p>","protected":false},"featured_media":3431,"comment_status":"open","ping_status":"closed","template":"","meta":{"site-sidebar-layout":"default","site-content-layout":"default","ast-global-header-display":"","ast-main-header-display":"","ast-hfb-above-header-display":"","ast-hfb-below-header-display":"","ast-hfb-mobile-header-display":"","site-post-title":"","ast-breadcrumbs-content":"","ast-featured-img":"","footer-sml-layout":"","theme-transparent-header-meta":"default","adv-header-id-meta":"","stick-header-meta":"","header-above-stick-meta":"","header-main-stick-meta":"","header-below-stick-meta":""},"product_cat":[28],"product_tag":[],"acf":[],"_links":{"self":[{"href":"https:\/\/old.ensifer.pl\/pl\/wp-json\/wp\/v2\/product\/50"}],"collection":[{"href":"https:\/\/old.ensifer.pl\/pl\/wp-json\/wp\/v2\/product"}],"about":[{"href":"https:\/\/old.ensifer.pl\/pl\/wp-json\/wp\/v2\/types\/product"}],"replies":[{"embeddable":true,"href":"https:\/\/old.ensifer.pl\/pl\/wp-json\/wp\/v2\/comments?post=50"}],"wp:featuredmedia":[{"embeddable":true,"href":"https:\/\/old.ensifer.pl\/pl\/wp-json\/wp\/v2\/media\/3431"}],"wp:attachment":[{"href":"https:\/\/old.ensifer.pl\/pl\/wp-json\/wp\/v2\/media?parent=50"}],"wp:term":[{"taxonomy":"product_cat","embeddable":true,"href":"https:\/\/old.ensifer.pl\/pl\/wp-json\/wp\/v2\/product_cat?post=50"},{"taxonomy":"product_tag","embeddable":true,"href":"https:\/\/old.ensifer.pl\/pl\/wp-json\/wp\/v2\/product_tag?post=50"}],"curies":[{"name":"wp","href":"https:\/\/api.w.org\/{rel}","templated":true}]}}