{"id":45,"date":"2020-09-24T21:50:17","date_gmt":"2020-09-24T19:50:17","guid":{"rendered":"https:\/\/ensifer.t44.pl\/produkt\/corona\/"},"modified":"2022-06-08T16:13:34","modified_gmt":"2022-06-08T14:13:34","slug":"corona","status":"publish","type":"product","link":"https:\/\/old.ensifer.pl\/pl\/produkt\/corona\/","title":{"rendered":"CORONA 2020"},"content":{"rendered":"<ul>\n<li>Rok gwarancji na z\u0142amanie klingi<\/li>\n<li>Lekka i elastyczna klinga, o wkl\u0119s\u0142ym szlifie i strudzinach na rikassie.<\/li>\n<li>Wyj\u0105tkowo wytrzyma\u0142a, zaokr\u0105glona krawed\u017a - od 6 do 4mm grubo\u015bci, twardo\u015b\u0107 50 HRC<\/li>\n<li>Historyczne punkty obrotu - Przedni Punkt Obrotu 93 cm od jelca.<\/li>\n<li>Wytrzyma\u0142y i  estetycznie wykonany jelec o twardo\u015bci 45 HRC<\/li>\n<li>Podw\u00f3jnie zakuwany jelec  chroni\u0105cy przed luzowaniem<\/li>\n<li>Bezpieczne ko\u0144c\u00f3wki jelca<\/li>\n<li>Podstawowa r\u0119koje\u015b\u0107 z wytrzyma\u0142ym oplotem, wzmocnionym \u017cywic\u0105<\/li>\n<li>Pe\u0142ny, zaokr\u0105glony i bezpieczny sztych<\/li>\n<li>Zakuta na gor\u0105ca stalowa g\u0142owica<\/li>\n<\/ul>\n<p>&nbsp;<\/p>\n<p><img loading=\"lazy\" class=\"wp-image-536 aligncenter\" style=\"font-weight: inherit;\" src=\"https:\/\/old.ensifer.pl\/wp-content\/uploads\/2020\/09\/FEDER_SZKIC_4.png\" alt=\"\" width=\"1774\" height=\"476\" srcset=\"https:\/\/old.ensifer.pl\/wp-content\/uploads\/2020\/09\/FEDER_SZKIC_4-768x205.png 768w, https:\/\/old.ensifer.pl\/wp-content\/uploads\/2020\/09\/FEDER_SZKIC_4-600x160.png 600w\" sizes=\"(max-width: 1774px) 100vw, 1774px\" \/><img loading=\"lazy\" class=\"wp-image-535 size-full aligncenter\" src=\"https:\/\/old.ensifer.pl\/wp-content\/uploads\/2020\/09\/FEDER_SZKIC_3.png\" alt=\"\" width=\"1843\" height=\"512\" srcset=\"https:\/\/old.ensifer.pl\/wp-content\/uploads\/2020\/09\/FEDER_SZKIC_3-768x213.png 768w, https:\/\/old.ensifer.pl\/wp-content\/uploads\/2020\/09\/FEDER_SZKIC_3-600x166.png 600w\" sizes=\"(max-width: 1843px) 100vw, 1843px\" \/><\/p>\n<p style=\"text-align: center;\"><iframe loading=\"lazy\" src=\"\/\/www.youtube.com\/embed\/sFF5lqz1tVA?feature=emb_logo\" width=\"560\" height=\"314\" allowfullscreen=\"allowfullscreen\"><\/iframe><\/p>\n<p><iframe loading=\"lazy\" src=\"\/\/www.youtube.com\/embed\/QPxgnAckDmI\" width=\"560\" height=\"314\" allowfullscreen=\"allowfullscreen\"><\/iframe><\/p>\n<p><iframe loading=\"lazy\" src=\"\/\/www.youtube.com\/embed\/C9CHscbjdvg\" width=\"560\" height=\"314\" allowfullscreen=\"allowfullscreen\"><\/iframe><\/p>\n<p><iframe loading=\"lazy\" src=\"\/\/www.youtube.com\/embed\/0A4Q2CwNj6M?feature=emb_logo\" width=\"560\" height=\"314\" allowfullscreen=\"allowfullscreen\"><\/iframe><\/p>\n<p>&nbsp;<\/p>\n<p>&nbsp;<\/p>\n<p>&nbsp;<\/p>","protected":false},"excerpt":{"rendered":"<p>CORONA to podstawowa wersja federa z kling\u0105 wkl\u0119s\u0142o szlifowan\u0105 \u2013 nie tylko lekka, ale i wyj\u0105tkowo solidna.<\/p>\n<p>If you would like to see it in higher resolution please visit our<span style=\"color: #99ccff;\">\u00a0<a style=\"color: #99ccff;\" href=\"https:\/\/old.ensifer.pl\/pl\/blog\/corona-feder-upgraded-to-2-0-version\/\">BLOG<\/a>.<\/span><\/p>\n<table style=\"width: 100%; border-collapse: collapse; background-color: #2e2d2d;\">\n<tbody>\n<tr>\n<td style=\"width: 50%;\"><strong>CORONA REGULAR<\/strong><\/p>\n<p>D\u0142ugo\u015b\u0107 ca\u0142kowita: 125 cm<br \/>\nD\u0142ugo\u015b\u0107 klingi: 95 cm<br \/>\nWaga:\u00a0 ~ 1395 g<br \/>\nFlex ~15 kg<br \/>\nPunkt Ci\u0119\u017cko\u015bci ~ 7 cm<br \/>\nPunkt Drga\u0144 ~\u00a0 61 cm<br \/>\nPrzedni Punkt Obrotu ~ 93 cm<br \/>\nTwardo\u015b\u0107 klingi  ~ 50 HRC<br \/>\nTwardo\u015b\u0107 jelca ~ 45 HRC<\/td>\n<td style=\"width: 50%;\"><strong>CORONA LONG<\/strong><\/p>\n<p>D\u0142ugo\u015b\u0107 ca\u0142kowita: 133 cm<br \/>\nD\u0142ugo\u015b\u0107 klingi: 100 cm<br \/>\nWaga: ~ 1550 g<br \/>\nFlex ~ 15 kg<br \/>\nPunkt Ci\u0119\u017cko\u015bci ~8 cm<br \/>\nPunkt Drga\u0144 ~\u00a0 63 cm<br \/>\nPrzedni Punkt Obrotu ~ 95 cm<br \/>\nTwardo\u015b\u0107 klingi  ~ 50 HRC<br \/>\nTwardo\u015b\u0107 jelca ~ 45 HRC<\/td>\n<\/tr>\n<\/tbody>\n<\/table>\n<p>&nbsp;<\/p>","protected":false},"featured_media":2925,"comment_status":"open","ping_status":"closed","template":"","meta":{"site-sidebar-layout":"default","site-content-layout":"default","ast-global-header-display":"","ast-main-header-display":"","ast-hfb-above-header-display":"","ast-hfb-below-header-display":"","ast-hfb-mobile-header-display":"","site-post-title":"","ast-breadcrumbs-content":"","ast-featured-img":"","footer-sml-layout":"","theme-transparent-header-meta":"default","adv-header-id-meta":"","stick-header-meta":"","header-above-stick-meta":"","header-main-stick-meta":"","header-below-stick-meta":""},"product_cat":[24],"product_tag":[],"acf":[],"_links":{"self":[{"href":"https:\/\/old.ensifer.pl\/pl\/wp-json\/wp\/v2\/product\/45"}],"collection":[{"href":"https:\/\/old.ensifer.pl\/pl\/wp-json\/wp\/v2\/product"}],"about":[{"href":"https:\/\/old.ensifer.pl\/pl\/wp-json\/wp\/v2\/types\/product"}],"replies":[{"embeddable":true,"href":"https:\/\/old.ensifer.pl\/pl\/wp-json\/wp\/v2\/comments?post=45"}],"wp:featuredmedia":[{"embeddable":true,"href":"https:\/\/old.ensifer.pl\/pl\/wp-json\/wp\/v2\/media\/2925"}],"wp:attachment":[{"href":"https:\/\/old.ensifer.pl\/pl\/wp-json\/wp\/v2\/media?parent=45"}],"wp:term":[{"taxonomy":"product_cat","embeddable":true,"href":"https:\/\/old.ensifer.pl\/pl\/wp-json\/wp\/v2\/product_cat?post=45"},{"taxonomy":"product_tag","embeddable":true,"href":"https:\/\/old.ensifer.pl\/pl\/wp-json\/wp\/v2\/product_tag?post=45"}],"curies":[{"name":"wp","href":"https:\/\/api.w.org\/{rel}","templated":true}]}}