{"id":38,"date":"2015-10-05T23:24:23","date_gmt":"2015-10-05T21:24:23","guid":{"rendered":"https:\/\/ensifer.t44.pl\/produkt\/messer-basic\/"},"modified":"2022-06-24T08:25:42","modified_gmt":"2022-06-24T06:25:42","slug":"messer-basic","status":"publish","type":"product","link":"https:\/\/old.ensifer.pl\/pl\/produkt\/messer-basic\/","title":{"rendered":"KORD"},"content":{"rendered":"<ul>\n<li style=\"list-style-type: none;\">\n<ul>\n<li>Rok gwarancji na z\u0142amanie klingi<\/li>\n<li>Wyj\u0105tkowo lekka, bezpieczna, wkl\u0119s\u0142o szlifowana klinga - 740 g !<\/li>\n<li>Prawdopodobnie najl\u017cejszy treningowy kord na rynku - przy prawid\u0142owej grubo\u015bci wyj\u015bciowej klingi 6mm<\/li>\n<li>Krzywizna g\u0142owni: 5 mm<\/li>\n<li>2\u20133 mm zaoblona kraw\u0119d\u017a \u2013 twardo\u015b\u0107 50HRC<\/li>\n<li>Bardzo wytrzyma\u0142y, integralny nagel.<\/li>\n<li>Historycznie poprawny Punkt Cie\u017cko\u015bci - w przedziale orygina\u0142\u00f3w i bezpieczny<\/li>\n<li>Fazowany, dobrze wyko\u0144czony i bezpieczny jelec<\/li>\n<li>Grube profilowane ok\u0142adziny daj\u0105 pewny chwyt i oparcie dla d\u0142oni przy mocnych ci\u0119ciach<\/li>\n<li>Bezpieczny i pe\u0142ny sztych ( 6mm grubo\u015bci)<\/li>\n<\/ul>\n<\/li>\n<\/ul>\n<p><img loading=\"lazy\" class=\"wp-image-3252 aligncenter\" src=\"https:\/\/old.ensifer.pl\/wp-content\/uploads\/2015\/10\/KORDY_REGULAR-1.svg\" alt=\"\" width=\"2000\" height=\"500\" \/><\/p>\n<p>&nbsp;<\/p>\n<div class=\"ast-oembed-container\" style=\"height: 100%;\"><iframe loading=\"lazy\" title=\"HEMA Dussack 01 - cvi\u010debn\u00ed sestava (kombo) s tes\u00e1kem, historick\u00fd \u0161erm, evropsk\u00e1 bojov\u00e1 um\u011bn\u00ed\" width=\"500\" height=\"281\" src=\"https:\/\/www.youtube.com\/embed\/LO2fWdq5spQ?feature=oembed\" frameborder=\"0\" allow=\"accelerometer; autoplay; clipboard-write; encrypted-media; gyroscope; picture-in-picture\" allowfullscreen><\/iframe><\/div>","protected":false},"excerpt":{"rendered":"<p>Ultra lekka i jednocze\u015bnie szeroka klinga o wkl\u0119s\u0142ym szlifie do fechtunku w kordy. Podstawowy model z historycznym i bezpiecznym Punktem Ci\u0119\u017cko\u015bci. Gruba (6mm) klinga pozwala na \u0107wiczenia i sparingi z inn\u0105 ci\u0119\u017csz\u0105 broni\u0105. Wyprofilowana rozszerzaj\u0105ca si\u0119 r\u0119koje\u015b\u0107 daje bardzo pewny chwyt i dobre oparcie przy mocnych ci\u0119ciach. Lekka krzywizna (5mm) zbli\u017ca parametrami t\u0105 bro\u0144 \u0107wiczebn\u0105 w stron\u0119 szabli polskiej. Odwrotnie ni\u017c w niekt\u00f3rych zachodnich wersjach kord\u00f3w kt\u00f3re s\u0105 proste lub nawet czasami pochylone minimalnie na ostrze.<\/p>\n<table style=\"width: 66%; border-collapse: collapse; background-color: #2e2d2d;\">\n<tbody>\n<tr>\n<td style=\"width: 100%;\"><span style=\"color: #ffffff;\">D\u0142ugo\u015b\u0107 ca\u0142kowita \u2013 90 cm,<\/span><br \/>\n<span style=\"color: #ffffff;\">D\u0142ugo\u015b\u0107 klingi - 72 cm,<\/span><br \/>\n<span style=\"color: #ffffff;\">Weight ~ 740- 760g,<\/span><br \/>\n<span style=\"color: #ffffff;\">Grubo\u015b\u0107 wyj\u015bciowa - 6mm<\/span><br \/>\n<span style=\"color: #ffffff;\">Szeroko\u015b\u0107 bazowa klingi \u2013 39 mm<\/span><br \/>\n<span style=\"color: #ffffff;\">Punkt Ci\u0119\u017cko\u015bci 11 \u2013 11,5 cm,<\/span><br \/>\n<span style=\"color: #ffffff;\">Flex ~ 9 kg<\/span><\/td>\n<\/tr>\n<\/tbody>\n<\/table>\n<p>&nbsp;<\/p>","protected":false},"featured_media":2941,"comment_status":"open","ping_status":"closed","template":"","meta":{"site-sidebar-layout":"default","site-content-layout":"default","ast-global-header-display":"","ast-main-header-display":"","ast-hfb-above-header-display":"","ast-hfb-below-header-display":"","ast-hfb-mobile-header-display":"","site-post-title":"","ast-breadcrumbs-content":"","ast-featured-img":"","footer-sml-layout":"","theme-transparent-header-meta":"default","adv-header-id-meta":"","stick-header-meta":"","header-above-stick-meta":"","header-main-stick-meta":"","header-below-stick-meta":""},"product_cat":[25],"product_tag":[],"acf":[],"_links":{"self":[{"href":"https:\/\/old.ensifer.pl\/pl\/wp-json\/wp\/v2\/product\/38"}],"collection":[{"href":"https:\/\/old.ensifer.pl\/pl\/wp-json\/wp\/v2\/product"}],"about":[{"href":"https:\/\/old.ensifer.pl\/pl\/wp-json\/wp\/v2\/types\/product"}],"replies":[{"embeddable":true,"href":"https:\/\/old.ensifer.pl\/pl\/wp-json\/wp\/v2\/comments?post=38"}],"wp:featuredmedia":[{"embeddable":true,"href":"https:\/\/old.ensifer.pl\/pl\/wp-json\/wp\/v2\/media\/2941"}],"wp:attachment":[{"href":"https:\/\/old.ensifer.pl\/pl\/wp-json\/wp\/v2\/media?parent=38"}],"wp:term":[{"taxonomy":"product_cat","embeddable":true,"href":"https:\/\/old.ensifer.pl\/pl\/wp-json\/wp\/v2\/product_cat?post=38"},{"taxonomy":"product_tag","embeddable":true,"href":"https:\/\/old.ensifer.pl\/pl\/wp-json\/wp\/v2\/product_tag?post=38"}],"curies":[{"name":"wp","href":"https:\/\/api.w.org\/{rel}","templated":true}]}}