{"id":31,"date":"2015-10-05T23:17:06","date_gmt":"2015-10-05T21:17:06","guid":{"rendered":"https:\/\/ensifer.t44.pl\/produkt\/talhoffer-messer\/"},"modified":"2022-05-07T07:46:09","modified_gmt":"2022-05-07T05:46:09","slug":"talhoffer-messer","status":"publish","type":"product","link":"https:\/\/old.ensifer.pl\/pl\/produkt\/talhoffer-messer\/","title":{"rendered":"KORD TALHOFFER"},"content":{"rendered":"<ul>\n<li>Rok gwarancji na z\u0142amanie klingi<\/li>\n<li>Wyj\u0105tkowo lekka, bezpieczna, wkl\u0119s\u0142o szlifowana klinga<\/li>\n<li>Krzywizna g\u0142owni: 5 mm<\/li>\n<li>2\u20133 mm zaoblona kraw\u0119d\u017a \u2013 twardo\u015b\u0107 50HRC<\/li>\n<li>Bardzo wytrzyma\u0142y, integralny nagel.<\/li>\n<li>Historycznie poprawny Punkt Cie\u017cko\u015bci - w przedziale orygina\u0142\u00f3w i bezpieczny<\/li>\n<li>Zakuta na gor\u0105co kwasoodporna g\u0142owica<\/li>\n<li>Dodatkowa w\u0105ska strudzina na klindze<\/li>\n<li>Fazowany, dobrze wyko\u0144czony i bezpieczny jelec<\/li>\n<li>Bezpieczny i pe\u0142ny sztych<\/li>\n<\/ul>\n<p><img loading=\"lazy\" class=\"alignnone size-full wp-image-550\" src=\"https:\/\/old.ensifer.pl\/wp-content\/uploads\/2015\/10\/KORDY_SZKI3C-1.png\" alt=\"\" width=\"1200\" height=\"322\" srcset=\"https:\/\/old.ensifer.pl\/wp-content\/uploads\/2015\/10\/KORDY_SZKI3C-1-768x206.png 768w, https:\/\/old.ensifer.pl\/wp-content\/uploads\/2015\/10\/KORDY_SZKI3C-1-600x161.png 600w\" sizes=\"(max-width: 1200px) 100vw, 1200px\" \/><\/p>\n<div class=\"ast-oembed-container\" style=\"height: 100%;\"><iframe loading=\"lazy\" title=\"HEMA Langes Messer 01 - cvi\u010debn\u00ed sestava (kombo) s tes\u00e1kem, historick\u00fd \u0161erm, evropsk\u00e1 bojov\u00e1 um\u011bn\u00ed\" width=\"500\" height=\"281\" src=\"https:\/\/www.youtube.com\/embed\/LO2fWdq5spQ?feature=oembed\" frameborder=\"0\" allow=\"accelerometer; autoplay; clipboard-write; encrypted-media; gyroscope; picture-in-picture\" allowfullscreen><\/iframe><\/div>","protected":false},"excerpt":{"rendered":"<p>Kord inspirowany rycinami z traktatu Talhoffera o eleganckiej i wyko\u0144czonej klindze z dodatkow\u0105 kwasoodporn\u0105 8-k\u0105tn\u0105 g\u0142owic\u0105.<\/p>\n<table style=\"width: 50%; border-collapse: collapse; background-color: #2e2d2d;\">\n<tbody>\n<tr>\n<td style=\"width: 100%;\"><span style=\"color: #ffffff;\">D\u0142ugo\u015b\u0107 ca\u0142kowita \u2013 90 cm,<\/span><br \/>\n<span style=\"color: #ffffff;\">D\u0142ugo\u015b\u0107 klingi - 72 cm,<\/span><br \/>\n<span style=\"color: #ffffff;\">Waga ~ 780g,<\/span><br \/>\n<span style=\"color: #ffffff;\">Grubo\u015b\u0107 wyj\u015bciowa - 6mm<\/span><br \/>\n<span style=\"color: #ffffff;\">Szeroko\u015b\u0107 bazowa klingi \u2013 39 mm<\/span><br \/>\n<span style=\"color: #ffffff;\">PoB 10 cm,<\/span><br \/>\n<span style=\"color: #ffffff;\">Flex \u2013 7,5 \u2013 8 kg<\/span><\/td>\n<\/tr>\n<\/tbody>\n<\/table>\n<p>&nbsp;<\/p>","protected":false},"featured_media":2950,"comment_status":"open","ping_status":"closed","template":"","meta":{"site-sidebar-layout":"default","site-content-layout":"default","ast-global-header-display":"","ast-main-header-display":"","ast-hfb-above-header-display":"","ast-hfb-below-header-display":"","ast-hfb-mobile-header-display":"","site-post-title":"","ast-breadcrumbs-content":"","ast-featured-img":"","footer-sml-layout":"","theme-transparent-header-meta":"default","adv-header-id-meta":"","stick-header-meta":"","header-above-stick-meta":"","header-main-stick-meta":"","header-below-stick-meta":""},"product_cat":[25],"product_tag":[],"acf":[],"_links":{"self":[{"href":"https:\/\/old.ensifer.pl\/pl\/wp-json\/wp\/v2\/product\/31"}],"collection":[{"href":"https:\/\/old.ensifer.pl\/pl\/wp-json\/wp\/v2\/product"}],"about":[{"href":"https:\/\/old.ensifer.pl\/pl\/wp-json\/wp\/v2\/types\/product"}],"replies":[{"embeddable":true,"href":"https:\/\/old.ensifer.pl\/pl\/wp-json\/wp\/v2\/comments?post=31"}],"wp:featuredmedia":[{"embeddable":true,"href":"https:\/\/old.ensifer.pl\/pl\/wp-json\/wp\/v2\/media\/2950"}],"wp:attachment":[{"href":"https:\/\/old.ensifer.pl\/pl\/wp-json\/wp\/v2\/media?parent=31"}],"wp:term":[{"taxonomy":"product_cat","embeddable":true,"href":"https:\/\/old.ensifer.pl\/pl\/wp-json\/wp\/v2\/product_cat?post=31"},{"taxonomy":"product_tag","embeddable":true,"href":"https:\/\/old.ensifer.pl\/pl\/wp-json\/wp\/v2\/product_tag?post=31"}],"curies":[{"name":"wp","href":"https:\/\/api.w.org\/{rel}","templated":true}]}}