{"id":18,"date":"2015-10-05T13:08:26","date_gmt":"2015-10-05T11:08:26","guid":{"rendered":"https:\/\/ensifer.t44.pl\/produkt\/kron\/"},"modified":"2022-06-08T19:51:18","modified_gmt":"2022-06-08T17:51:18","slug":"kron","status":"publish","type":"product","link":"https:\/\/old.ensifer.pl\/pl\/produkt\/kron\/","title":{"rendered":"KRON 2020"},"content":{"rendered":"<ul>\n<li>Rok gwarancji na z\u0142amanie klingi<\/li>\n<li>Lekka i elastyczna klinga, o wkl\u0119s\u0142ym szlifie i strudzinach na rikassie.<\/li>\n<li>Wytrzyma\u0142y i  estetycznie wykonany jelec o twardo\u015bci 45 HRC<\/li>\n<li>Podw\u00f3jnie zakuwany jelec  chroni\u0105cy przed luzowaniem<\/li>\n<li>Waisted grip covered with fine cord reinforced with resin<\/li>\n<li>Pe\u0142ny, zaokr\u0105glony i bezpieczny sztych<\/li>\n<li>O\u015bmiok\u0105tna, zakuta na gor\u0105co, kwasoodporna g\u0142owica<\/li>\n<li>Wyj\u0105tkowo wytrzyma\u0142a, zaokr\u0105glona krawed\u017a - od 6 do 4mm grubo\u015bci, twardo\u015b\u0107 50 HRC<\/li>\n<li>Bezpieczne ko\u0144c\u00f3wki jelca<\/li>\n<li>Zakuta na gor\u0105ca stalowa g\u0142owica<\/li>\n<\/ul>\n<p>&nbsp;<\/p>\n<p><a href=\"https:\/\/old.ensifer.pl\/wp-content\/uploads\/2015\/10\/KRON_long_SZKIC.svg\"><img loading=\"lazy\" class=\"wp-image-3246 aligncenter\" src=\"https:\/\/old.ensifer.pl\/wp-content\/uploads\/2015\/10\/KRON_long_SZKIC.svg\" alt=\"\" width=\"1200\" height=\"300\" \/><\/a> <img loading=\"lazy\" class=\"wp-image-3247 aligncenter\" src=\"https:\/\/old.ensifer.pl\/wp-content\/uploads\/2015\/10\/KRON_SZKIC.svg\" alt=\"\" width=\"1200\" height=\"300\" \/><\/p>\n<p>&nbsp;<\/p>\n<p>&nbsp;<\/p>\n<p><iframe loading=\"lazy\" src=\"\/\/www.youtube.com\/embed\/vGY88Zys2Tk\" width=\"560\" height=\"314\" allowfullscreen=\"allowfullscreen\"><\/iframe><\/p>","protected":false},"excerpt":{"rendered":"<p>KRON 2020 to linia feder\u00f3w z wkl\u0119s\u0142o szlifowan\u0105 g\u0142owni\u0105, wygodn\u0105 taliowan\u0105 r\u0119koje\u015bci\u0105 i o\u015bmiok\u0105tn\u0105 g\u0142owic\u0105.<\/p>\n<p>If you would like to see it in higher resolution please visit our <span style=\"color: #99ccff;\"><a style=\"color: #99ccff;\" href=\"https:\/\/old.ensifer.pl\/pl\/blog\/kron-feder\/\">BLOG<\/a><\/span>.<\/p>\n<table style=\"background-color: #2e2d2d;\">\n<tbody>\n<tr>\n<td><span style=\"color: #ffffff;\"><strong>KRON REGULAR<\/strong><\/span><\/p>\n<p><span style=\"color: #ffffff;\">D\u0142ugo\u015b\u0107 ca\u0142kowita: 126 cm<\/span><br \/>\n<span style=\"color: #ffffff;\">D\u0142ugo\u015b\u0107 klingi: 95 cm<\/span><br \/>\n<span style=\"color: #ffffff;\">Waga: 1380 \u2013 1450 g<\/span><br \/>\n<span style=\"color: #ffffff;\">Flex &#8211; 14 -16 kg<\/span><br \/>\n<span style=\"color: #ffffff;\">Punkt Ci\u0119\u017cko\u015bci: 7-8 cm<\/span><br \/>\n<span style=\"color: #ffffff;\">Punkt Drga\u0144 ~\u00a0 61 cm<\/span><br \/>\n<span style=\"color: #ffffff;\">Przedni Punkt Obrotu ~ 93 cm<\/span><br \/>\n<span style=\"color: #ffffff;\">Twardo\u015b\u0107 klingi  ~ 50 HRC<\/span><br \/>\n<span style=\"color: #ffffff;\">Twardo\u015b\u0107 jelca ~ 45 HRC<\/span><\/td>\n<td><span style=\"color: #ffffff;\"><strong>KRON LONG<\/strong><\/span><\/p>\n<p><span style=\"color: #ffffff;\">D\u0142ugo\u015b\u0107 ca\u0142kowita: 133 cm<\/span><br \/>\n<span style=\"color: #ffffff;\">D\u0142ugo\u015b\u0107 klingi: 100 cm<\/span><br \/>\n<span style=\"color: #ffffff;\">Waga: 1505 \u2013 1550 g<\/span><br \/>\n<span style=\"color: #ffffff;\">Flex &#8211; 15 kg<\/span><br \/>\n<span style=\"color: #ffffff;\">Punkt Ci\u0119\u017cko\u015bci: 7-8 cm<\/span><br \/>\n<span style=\"color: #ffffff;\">Punkt Drga\u0144 ~\u00a0 61 cm<\/span><br \/>\n<span style=\"color: #ffffff;\">Przedni Punkt Obrotu ~ 96 cm<\/span><br \/>\n<span style=\"color: #ffffff;\">Twardo\u015b\u0107 klingi  ~ 50 HRC<\/span><br \/>\n<span style=\"color: #ffffff;\">Twardo\u015b\u0107 jelca ~ 45 HRC<\/span><\/td>\n<\/tr>\n<\/tbody>\n<\/table>\n<p>&nbsp;<\/p>","protected":false},"featured_media":2935,"comment_status":"open","ping_status":"closed","template":"","meta":{"site-sidebar-layout":"default","site-content-layout":"default","ast-global-header-display":"","ast-main-header-display":"","ast-hfb-above-header-display":"","ast-hfb-below-header-display":"","ast-hfb-mobile-header-display":"","site-post-title":"","ast-breadcrumbs-content":"","ast-featured-img":"","footer-sml-layout":"","theme-transparent-header-meta":"default","adv-header-id-meta":"","stick-header-meta":"","header-above-stick-meta":"","header-main-stick-meta":"","header-below-stick-meta":""},"product_cat":[24],"product_tag":[],"acf":[],"_links":{"self":[{"href":"https:\/\/old.ensifer.pl\/pl\/wp-json\/wp\/v2\/product\/18"}],"collection":[{"href":"https:\/\/old.ensifer.pl\/pl\/wp-json\/wp\/v2\/product"}],"about":[{"href":"https:\/\/old.ensifer.pl\/pl\/wp-json\/wp\/v2\/types\/product"}],"replies":[{"embeddable":true,"href":"https:\/\/old.ensifer.pl\/pl\/wp-json\/wp\/v2\/comments?post=18"}],"wp:featuredmedia":[{"embeddable":true,"href":"https:\/\/old.ensifer.pl\/pl\/wp-json\/wp\/v2\/media\/2935"}],"wp:attachment":[{"href":"https:\/\/old.ensifer.pl\/pl\/wp-json\/wp\/v2\/media?parent=18"}],"wp:term":[{"taxonomy":"product_cat","embeddable":true,"href":"https:\/\/old.ensifer.pl\/pl\/wp-json\/wp\/v2\/product_cat?post=18"},{"taxonomy":"product_tag","embeddable":true,"href":"https:\/\/old.ensifer.pl\/pl\/wp-json\/wp\/v2\/product_tag?post=18"}],"curies":[{"name":"wp","href":"https:\/\/api.w.org\/{rel}","templated":true}]}}