{"id":13,"date":"2015-10-05T13:00:16","date_gmt":"2015-10-05T11:00:16","guid":{"rendered":"https:\/\/ensifer.t44.pl\/produkt\/redd\/"},"modified":"2022-06-22T21:59:05","modified_gmt":"2022-06-22T19:59:05","slug":"redd","status":"publish","type":"product","link":"https:\/\/old.ensifer.pl\/pl\/produkt\/redd\/","title":{"rendered":"REDD"},"content":{"rendered":"<ul>\n<li>Premium Cord Wrap is available now. High quality resin and cord gives secure grip. Your Redd handle is much more durable with these wrap.<\/li>\n<li>Rok gwarancji na z\u0142amanie klingi<\/li>\n<li>Lekka i elastyczna klinga, o wkl\u0119s\u0142ym szlifie i strudzinach na rikassie.<\/li>\n<li>Historyczne punkty obrotu - Przedni Punkt Obrotu 93 cm od jelca.<\/li>\n<li>Wytrzyma\u0142y i  estetycznie wykonany jelec o twardo\u015bci 45 HRC<\/li>\n<li>Podw\u00f3jnie zakuwany jelec  chroni\u0105cy przed luzowaniem<\/li>\n<li>Pe\u0142ny, zaokr\u0105glony i bezpieczny sztych<\/li>\n<li>Wyj\u0105tkowo wytrzyma\u0142a, zaokr\u0105glona krawed\u017a - od 6 do 4mm grubo\u015bci, twardo\u015b\u0107 50 HRC<\/li>\n<li>Bezpieczne ko\u0144c\u00f3wki jelca<\/li>\n<li>Misternie wykonana sk\u00f3rzana r\u0119koje\u015b\u0107 w 4 wariantach kolorystycznych<\/li>\n<li>Woskowana sk\u00f3ra na r\u0119koje\u015bci<\/li>\n<li>Eleganckie i r\u0119cznie wykonane naci\u0119cia na jelcu i g\u0142owicy<\/li>\n<li>O\u015bmiok\u0105tna, zakuta na gor\u0105co, kwasoodporna g\u0142owica<\/li>\n<\/ul>\n<p>&nbsp;<\/p>\n<p><img loading=\"lazy\" class=\"size-full wp-image-545 aligncenter\" src=\"https:\/\/old.ensifer.pl\/wp-content\/uploads\/2015\/10\/KRON_REGULAR.png\" alt=\"\" width=\"1920\" height=\"1920\" srcset=\"https:\/\/old.ensifer.pl\/wp-content\/uploads\/2015\/10\/KRON_REGULAR.png 1920w, https:\/\/old.ensifer.pl\/wp-content\/uploads\/2015\/10\/KRON_REGULAR-300x300.png 300w, https:\/\/old.ensifer.pl\/wp-content\/uploads\/2015\/10\/KRON_REGULAR-1024x1024.png 1024w, https:\/\/old.ensifer.pl\/wp-content\/uploads\/2015\/10\/KRON_REGULAR-150x150.png 150w, https:\/\/old.ensifer.pl\/wp-content\/uploads\/2015\/10\/KRON_REGULAR-1536x1536.png 1536w, https:\/\/old.ensifer.pl\/wp-content\/uploads\/2015\/10\/KRON_REGULAR-2048x2048.png 2048w, https:\/\/old.ensifer.pl\/wp-content\/uploads\/2015\/10\/KRON_REGULAR-20x20.png 20w, https:\/\/old.ensifer.pl\/wp-content\/uploads\/2015\/10\/KRON_REGULAR-100x100.png 100w\" sizes=\"(max-width: 1920px) 100vw, 1920px\" \/><\/p>\n<p><img loading=\"lazy\" class=\"size-full wp-image-546 aligncenter\" src=\"https:\/\/old.ensifer.pl\/wp-content\/uploads\/2015\/10\/KRON_SZKIC.png\" alt=\"\" width=\"1920\" height=\"1920\" srcset=\"https:\/\/old.ensifer.pl\/wp-content\/uploads\/2015\/10\/KRON_SZKIC.png 1920w, https:\/\/old.ensifer.pl\/wp-content\/uploads\/2015\/10\/KRON_SZKIC-300x300.png 300w, https:\/\/old.ensifer.pl\/wp-content\/uploads\/2015\/10\/KRON_SZKIC-1024x1024.png 1024w, https:\/\/old.ensifer.pl\/wp-content\/uploads\/2015\/10\/KRON_SZKIC-150x150.png 150w, https:\/\/old.ensifer.pl\/wp-content\/uploads\/2015\/10\/KRON_SZKIC-1536x1536.png 1536w, https:\/\/old.ensifer.pl\/wp-content\/uploads\/2015\/10\/KRON_SZKIC-2048x2048.png 2048w, https:\/\/old.ensifer.pl\/wp-content\/uploads\/2015\/10\/KRON_SZKIC-20x20.png 20w, https:\/\/old.ensifer.pl\/wp-content\/uploads\/2015\/10\/KRON_SZKIC-100x100.png 100w\" sizes=\"(max-width: 1920px) 100vw, 1920px\" \/><\/p>\n<p>&nbsp;<\/p>\n<p>&nbsp;<\/p>\n<p>&nbsp;<\/p>","protected":false},"excerpt":{"rendered":"<p>REDD to najlepsza wersja nowej linii Feder\u00f3w z 2020 roku. Elegancka i misternie wykonana bro\u0144 treningowa.<span style=\"font-family: Times New Roman, serif;\"><span style=\"font-size: small;\">.<\/span><\/span><\/p>\n<p>If you would like to see it in higher resolution please visit our <span style=\"color: #99ccff;\"><a style=\"color: #99ccff;\" href=\"https:\/\/old.ensifer.pl\/pl\/blog\/new-2020-line-redd-version\/\">BLOG<\/a><\/span>.<\/p>\n<table style=\"width: 100%; border-collapse: collapse; background-color: #2e2d2d;\">\n<tbody>\n<tr>\n<td style=\"width: 50%;\"><strong><span style=\"color: #ffffff;\">REDD REGULAR<br \/>\n<\/span><\/strong><span style=\"color: #ffffff;\">D\u0142ugo\u015b\u0107 ca\u0142kowita: 126 cm<\/span><br \/>\n<span style=\"color: #ffffff;\">D\u0142ugo\u015b\u0107 klingi: 95 cm<\/span><br \/>\n<span style=\"color: #ffffff;\">Waga: 1380 \u2013 1450 g<\/span><br \/>\n<span style=\"color: #ffffff;\">Flex &#8211; 14- 15 kg<\/span><br \/>\n<span style=\"color: #ffffff;\">Punkt Ci\u0119\u017cko\u015bci: 7-8 cm<\/span><br \/>\n<span style=\"color: #ffffff;\">Punkt Drga\u0144 ~\u00a0 60 cm<\/span><br \/>\n<span style=\"color: #ffffff;\">Przedni Punkt Obrotu ~ 93 cm<\/span><br \/>\n<span style=\"color: #ffffff;\">Twardo\u015b\u0107 klingi  ~ 50 HRC<\/span><br \/>\n<span style=\"color: #ffffff;\">Twardo\u015b\u0107 jelca ~ 45 HRC<\/span><\/td>\n<td style=\"width: 50%;\"><strong><span style=\"color: #ffffff;\">REDD LONG<br \/>\n<\/span><\/strong><span style=\"color: #ffffff;\">D\u0142ugo\u015b\u0107 ca\u0142kowita: 133 cm<\/span><br \/>\n<span style=\"color: #ffffff;\">D\u0142ugo\u015b\u0107 klingi: 100 cm<\/span><br \/>\n<span style=\"color: #ffffff;\">Waga: 1505 \u2013 1580 g<\/span><br \/>\n<span style=\"color: #ffffff;\">Flex &#8211; 15 kg<\/span><br \/>\n<span style=\"color: #ffffff;\">Punkt Ci\u0119\u017cko\u015bci: 7-8 cm<\/span><br \/>\n<span style=\"color: #ffffff;\">Punkt Drga\u0144 ~\u00a0 62 cm<\/span><br \/>\n<span style=\"color: #ffffff;\">Przedni Punkt Obrotu ~ 96 cm<\/span><br \/>\n<span style=\"color: #ffffff;\">Twardo\u015b\u0107 klingi  ~ 50 HRC<\/span><br \/>\n<span style=\"color: #ffffff;\">Twardo\u015b\u0107 jelca ~ 45 HRC<\/span><\/td>\n<\/tr>\n<\/tbody>\n<\/table>","protected":false},"featured_media":2909,"comment_status":"open","ping_status":"closed","template":"","meta":{"site-sidebar-layout":"default","site-content-layout":"default","ast-global-header-display":"","ast-main-header-display":"","ast-hfb-above-header-display":"","ast-hfb-below-header-display":"","ast-hfb-mobile-header-display":"","site-post-title":"","ast-breadcrumbs-content":"","ast-featured-img":"","footer-sml-layout":"","theme-transparent-header-meta":"default","adv-header-id-meta":"","stick-header-meta":"","header-above-stick-meta":"","header-main-stick-meta":"","header-below-stick-meta":""},"product_cat":[24],"product_tag":[],"acf":[],"_links":{"self":[{"href":"https:\/\/old.ensifer.pl\/pl\/wp-json\/wp\/v2\/product\/13"}],"collection":[{"href":"https:\/\/old.ensifer.pl\/pl\/wp-json\/wp\/v2\/product"}],"about":[{"href":"https:\/\/old.ensifer.pl\/pl\/wp-json\/wp\/v2\/types\/product"}],"replies":[{"embeddable":true,"href":"https:\/\/old.ensifer.pl\/pl\/wp-json\/wp\/v2\/comments?post=13"}],"wp:featuredmedia":[{"embeddable":true,"href":"https:\/\/old.ensifer.pl\/pl\/wp-json\/wp\/v2\/media\/2909"}],"wp:attachment":[{"href":"https:\/\/old.ensifer.pl\/pl\/wp-json\/wp\/v2\/media?parent=13"}],"wp:term":[{"taxonomy":"product_cat","embeddable":true,"href":"https:\/\/old.ensifer.pl\/pl\/wp-json\/wp\/v2\/product_cat?post=13"},{"taxonomy":"product_tag","embeddable":true,"href":"https:\/\/old.ensifer.pl\/pl\/wp-json\/wp\/v2\/product_tag?post=13"}],"curies":[{"name":"wp","href":"https:\/\/api.w.org\/{rel}","templated":true}]}}