{"id":578,"date":"2020-12-21T08:59:25","date_gmt":"2020-12-21T07:59:25","guid":{"rendered":"https:\/\/ensifer.t44.pl\/?page_id=578"},"modified":"2021-03-29T22:36:37","modified_gmt":"2021-03-29T20:36:37","slug":"privacy-policy","status":"publish","type":"page","link":"https:\/\/old.ensifer.pl\/pl\/privacy-policy\/","title":{"rendered":"Polityka prywatno\u015bci"},"content":{"rendered":"<div data-elementor-type=\"wp-page\" data-elementor-id=\"578\" class=\"elementor elementor-578\">\n\t\t\t\t\t\t<div class=\"elementor-inner\">\n\t\t\t\t<div class=\"elementor-section-wrap\">\n\t\t\t\t\t\t\t\t\t<section class=\"elementor-section elementor-top-section elementor-element elementor-element-7316dea elementor-section-boxed elementor-section-height-default elementor-section-height-default\" data-id=\"7316dea\" data-element_type=\"section\" data-settings=\"{&quot;jet_parallax_layout_list&quot;:[{&quot;jet_parallax_layout_image&quot;:{&quot;url&quot;:&quot;&quot;,&quot;id&quot;:&quot;&quot;},&quot;_id&quot;:&quot;682bdc1&quot;,&quot;jet_parallax_layout_image_tablet&quot;:{&quot;url&quot;:&quot;&quot;,&quot;id&quot;:&quot;&quot;},&quot;jet_parallax_layout_image_mobile&quot;:{&quot;url&quot;:&quot;&quot;,&quot;id&quot;:&quot;&quot;},&quot;jet_parallax_layout_speed&quot;:{&quot;unit&quot;:&quot;%&quot;,&quot;size&quot;:50,&quot;sizes&quot;:[]},&quot;jet_parallax_layout_type&quot;:&quot;scroll&quot;,&quot;jet_parallax_layout_direction&quot;:null,&quot;jet_parallax_layout_fx_direction&quot;:null,&quot;jet_parallax_layout_z_index&quot;:&quot;&quot;,&quot;jet_parallax_layout_bg_x&quot;:50,&quot;jet_parallax_layout_bg_x_tablet&quot;:&quot;&quot;,&quot;jet_parallax_layout_bg_x_mobile&quot;:&quot;&quot;,&quot;jet_parallax_layout_bg_y&quot;:50,&quot;jet_parallax_layout_bg_y_tablet&quot;:&quot;&quot;,&quot;jet_parallax_layout_bg_y_mobile&quot;:&quot;&quot;,&quot;jet_parallax_layout_bg_size&quot;:&quot;auto&quot;,&quot;jet_parallax_layout_bg_size_tablet&quot;:&quot;&quot;,&quot;jet_parallax_layout_bg_size_mobile&quot;:&quot;&quot;,&quot;jet_parallax_layout_animation_prop&quot;:&quot;transform&quot;,&quot;jet_parallax_layout_on&quot;:[&quot;desktop&quot;,&quot;tablet&quot;]}]}\">\n\t\t\t\t\t\t<div class=\"elementor-container elementor-column-gap-default\">\n\t\t\t\t\t\t\t<div class=\"elementor-row\">\n\t\t\t\t\t<div class=\"elementor-column elementor-col-100 elementor-top-column elementor-element elementor-element-9c1b430\" data-id=\"9c1b430\" data-element_type=\"column\">\n\t\t\t<div class=\"elementor-column-wrap elementor-element-populated\">\n\t\t\t\t\t\t\t<div class=\"elementor-widget-wrap\">\n\t\t\t\t\t\t<div class=\"elementor-element elementor-element-e646002 elementor-widget elementor-widget-spacer\" data-id=\"e646002\" data-element_type=\"widget\" data-widget_type=\"spacer.default\">\n\t\t\t\t<div class=\"elementor-widget-container\">\n\t\t\t\t\t<div class=\"elementor-spacer\">\n\t\t\t<div class=\"elementor-spacer-inner\"><\/div>\n\t\t<\/div>\n\t\t\t\t<\/div>\n\t\t\t\t<\/div>\n\t\t\t\t\t\t<\/div>\n\t\t\t\t\t<\/div>\n\t\t<\/div>\n\t\t\t\t\t\t\t\t<\/div>\n\t\t\t\t\t<\/div>\n\t\t<\/section>\n\t\t\t\t<section class=\"elementor-section elementor-top-section elementor-element elementor-element-c4a7909 elementor-section-boxed elementor-section-height-default elementor-section-height-default\" data-id=\"c4a7909\" data-element_type=\"section\" data-settings=\"{&quot;jet_parallax_layout_list&quot;:[{&quot;jet_parallax_layout_image&quot;:{&quot;url&quot;:&quot;&quot;,&quot;id&quot;:&quot;&quot;},&quot;_id&quot;:&quot;5dca79b&quot;,&quot;jet_parallax_layout_image_tablet&quot;:{&quot;url&quot;:&quot;&quot;,&quot;id&quot;:&quot;&quot;},&quot;jet_parallax_layout_image_mobile&quot;:{&quot;url&quot;:&quot;&quot;,&quot;id&quot;:&quot;&quot;},&quot;jet_parallax_layout_speed&quot;:{&quot;unit&quot;:&quot;%&quot;,&quot;size&quot;:50,&quot;sizes&quot;:[]},&quot;jet_parallax_layout_type&quot;:&quot;scroll&quot;,&quot;jet_parallax_layout_direction&quot;:null,&quot;jet_parallax_layout_fx_direction&quot;:null,&quot;jet_parallax_layout_z_index&quot;:&quot;&quot;,&quot;jet_parallax_layout_bg_x&quot;:50,&quot;jet_parallax_layout_bg_x_tablet&quot;:&quot;&quot;,&quot;jet_parallax_layout_bg_x_mobile&quot;:&quot;&quot;,&quot;jet_parallax_layout_bg_y&quot;:50,&quot;jet_parallax_layout_bg_y_tablet&quot;:&quot;&quot;,&quot;jet_parallax_layout_bg_y_mobile&quot;:&quot;&quot;,&quot;jet_parallax_layout_bg_size&quot;:&quot;auto&quot;,&quot;jet_parallax_layout_bg_size_tablet&quot;:&quot;&quot;,&quot;jet_parallax_layout_bg_size_mobile&quot;:&quot;&quot;,&quot;jet_parallax_layout_animation_prop&quot;:&quot;transform&quot;,&quot;jet_parallax_layout_on&quot;:[&quot;desktop&quot;,&quot;tablet&quot;]}]}\">\n\t\t\t\t\t\t<div class=\"elementor-container elementor-column-gap-default\">\n\t\t\t\t\t\t\t<div class=\"elementor-row\">\n\t\t\t\t\t<div class=\"elementor-column elementor-col-16 elementor-top-column elementor-element elementor-element-26378b7\" data-id=\"26378b7\" data-element_type=\"column\">\n\t\t\t<div class=\"elementor-column-wrap\">\n\t\t\t\t\t\t\t<div class=\"elementor-widget-wrap\">\n\t\t\t\t\t\t\t\t<\/div>\n\t\t\t\t\t<\/div>\n\t\t<\/div>\n\t\t\t\t<div class=\"elementor-column elementor-col-66 elementor-top-column elementor-element elementor-element-18b308c\" data-id=\"18b308c\" data-element_type=\"column\">\n\t\t\t<div class=\"elementor-column-wrap elementor-element-populated\">\n\t\t\t\t\t\t\t<div class=\"elementor-widget-wrap\">\n\t\t\t\t\t\t<div class=\"elementor-element elementor-element-dc877b1 elementor-widget elementor-widget-text-editor\" data-id=\"dc877b1\" data-element_type=\"widget\" data-widget_type=\"text-editor.default\">\n\t\t\t\t<div class=\"elementor-widget-container\">\n\t\t\t\t\t\t\t\t<div class=\"elementor-text-editor elementor-clearfix\">\n\t\t\t\t<div class=\"translation-block\"><h3> INFORMACJA O PRZETWARZANIU DANYCH OSOBOWYCH <\/h3> <br><p> W dniu 25 maja 2018 roku w ca\u0142ej Unii Europejskiej zacznie obowi\u0105zywa\u0107 Rozporz\u0105dzenie Parlamentu Europejskiego i Rady (UE) 2016\/679 z dnia 27 kwietnia 2016 r. w sprawie ochrony os\u00f3b fizycznych w zwi\u0105zku z przetwarzaniem danych osobowych i w sprawie swobodnego przep\u0142ywu takich danych oraz uchylenia dyrektywy 95\/46\/WE (okre\u015blane jako \u201eRODO\u201d lub \u201eOg\u00f3lne Rozporz\u0105dzenie o Ochronie Danych\u201d). <\/p> <p> W zwi\u0105zku z tym chcieliby\u015bmy poinformowa\u0107 Ci\u0119 o przetwarzaniu przez nas Twoich Danych osobowych oraz zasadach, na jakich b\u0119dzie si\u0119 to odbywa\u0142o po dniu 25 maja 2018 roku. Poni\u017cej znajdziesz podstawowe informacje na ten temat. <\/p> <div> <p> I. ADMINISTRATOR DANYCH <\/p> <\/div> <p> Administratorem danych osobowych jest <em>ENSIFER JAN CHODKIEWICZ,.<\/em> z siedzib\u0105 w Gda\u0144sku Adres: <em>Mostowa 14, 80-778 Gda\u0144sk, Polska<\/em>. W celu kontaktu dotycz\u0105cego przetwarzania i ochrony danych osobowych mo\u017cna wysy\u0142a\u0107 wiadomo\u015b\u0107 email na adres: ensifer79@gmail.com <\/p> <div> <p> II. CEL I PODSTAWA PRZETWARZANIA DANYCH <\/p> <\/div> <p> Administrator danych b\u0119dzie przetwarza\u0142 Twoje dane osobowe w szczeg\u00f3lno\u015bci w celu: <br \/> <br \/> a) zawarcia umowy\/\u015bwiadczenia us\u0142ug na podstawie Twojego zainteresowania nasz\u0105 ofert\u0105 (podstawa z art. 6 ust. 1 lit. b RODO); <br \/> <br \/> b) wykonania umowy \/\u015bwiadczenia us\u0142ug, kt\u00f3r\u0105 zawarli\u015bmy (podstawa z art. 6 ust. 1 lit. b RODO); <br \/> <br \/> c) wype\u0142nienia obowi\u0105zk\u00f3w prawnych ci\u0105\u017c\u0105cych na Administratorze (podstawa z art. 6 ust. 1 lit. c RODO); <br \/> <br \/> d) analitycznym [doboru us\u0142ug do potrzeb naszych klient\u00f3w, optymalizacji naszych produkt\u00f3w w oparciu tak\u017ce o Twoje uwagi na ich temat i Twoje zainteresowanie, optymalizacji proces\u00f3w obs\u0142ugi w oparciu o przebieg proces\u00f3w obs\u0142ugi sprzeda\u017cy i posprzeda\u017cowej w tym reklamacji, itp.] b\u0119d\u0105cego realizacj\u0105 naszego prawnie uzasadnionego w tym interesu (podstawa z art. 6 ust. 1 lit. f RODO) <br \/> <br \/> e) archiwalnym (dowodowym) b\u0119d\u0105cym realizacj\u0105 naszego prawnie uzasadnionego interesu zabezpieczenia informacji na wypadek prawnej potrzeby wykazania fakt\u00f3w (podstawa z art. 6 ust. 1 lit. f RODO); <br \/> <br \/> f) ewentualnego ustalenia, dochodzenia lub obrony przed roszczeniami b\u0119d\u0105cego realizacj\u0105 naszego prawnie uzasadnionego w tym interesu (podstawa z art. 6 ust. 1 lit. f RODO); <br \/> <br \/> g) badania satysfakcji klient\u00f3w b\u0119d\u0105cego realizacj\u0105 naszego prawnie uzasadnionego interesu okre\u015blania jako\u015bci naszej obs\u0142ugi oraz poziomu zadowolenia naszych klient\u00f3w z produkt\u00f3w i us\u0142ug (podstawa z art. 6 ust. 1 lit. f RODO); <br \/> <br \/> h) oferowania Ci przez nas produkt\u00f3w i us\u0142ug bezpo\u015brednio (marketing bezpo\u015bredni), w tym dobierania ich pod k\u0105tem Twoich potrzeb, b\u0119d\u0105cego realizacj\u0105 naszego prawnie uzasadnionego w tym interesu (podstawa z art. 6 ust. 1 lit. f RODO); <br \/> <br \/> i) przekazywania Ci informacji m.in. o zmianach naszego regulaminu sklepu internetowego, cennika, o zmianie adresu lub siedziby na wskazany adres na podstawie Twojej zgody (podstawa z art. 6 ust. 1 lit. a RODO): <br \/> <br \/> j) stosowania marketingu bezpo\u015bredniego w tym organizowania i przeprowadzania konkurs\u00f3w, innych akcji marketingowych, informowanie o promocjach i nowo\u015bciach w oparciu o Twoj\u0105 zgod\u0119 (podstawa z art. 6 ust. 1 lit. a RODO), <br \/> <br \/> Marketing bezpo\u015bredni prowadzony za Twoj\u0105 zgod\u0105 mo\u017ce by\u0107 realizowany za pomoc\u0105 \u015brodk\u00f3w komunikacji elektronicznej takiej jak e-mail, sms, telefon. <\/p> <div> <p> III. ODBIORCY DANYCH (PODMIOTY PRZETWARZAJ\u0104CE) <\/p> <\/div> <p> Twoje dane osobowe mog\u0105 zosta\u0107 ujawnione podmiotom z kt\u00f3rymi wsp\u00f3\u0142pracujemy, w szczeg\u00f3lno\u015bci: naszym partnerom handlowym, firmom informatycznym, firmie ksi\u0119gowej, firmie windykacyjnej, firmie ubezpieczeniowej, operatorom pocztowym i firmom kurierskim, firmom archiwizuj\u0105cym dokumenty, agencjom marketingowym, kancelarii prawniczej. <\/p> <div> <p> IV. OKRES PRZECHOWYWANIA DANYCH <\/p> <\/div> <p> 1. Twoje dane osobowe przetwarzane w celu wykonania zawartej z nami umowy oraz wype\u0142nienia ci\u0105\u017c\u0105cego na nas obowi\u0105zku prawnego b\u0119d\u0105 przetwarzane przez okres obowi\u0105zywania umowy, a po jego up\u0142ywie przez okres: <br \/> a) w kt\u00f3rym mog\u0105 ujawni\u0107 si\u0119 roszczenia zwi\u0105zane z t\u0105 umow\u0105, <br \/> b) posprzeda\u017cowej obs\u0142ugi ( w tym rozpatrzenia reklamacji), <br \/> c) wype\u0142nienia obowi\u0105zku prawnego ci\u0105\u017c\u0105cego na nas (np. wynikaj\u0105cego z przepis\u00f3w rachunkowych lub podatkowych). <br \/> <br \/> 2. Je\u017celi nie dojdzie do zawarcia umowy w ci\u0105gu 60 dni od z\u0142o\u017cenia Ci przez nas oferty, Twoje dane osobowe zwi\u0105zane z rozmowami o tej umowie zostan\u0105 niezw\u0142ocznie usuni\u0119te, z wyj\u0105tkiem danych potrzebnych do marketingu bezpo\u015bredniego. <\/p> <p> 3. Dane osobowe przetwarzane dla potrzeb marketingu bezpo\u015bredniego naszych produkt\u00f3w i us\u0142ug mo\u017cemy przetwarza\u0107 do czasu, a\u017c zg\u0142osisz sprzeciw wzgl\u0119dem ich przetwarzania w tym celu lub ustalimy, \u017ce si\u0119 zdezaktualizowa\u0142y. <br \/> <br \/> 4. Dane osobowe przetwarzane na podstawie odr\u0119bnej zgody b\u0119d\u0105 przechowywane do czasy jej odwo\u0142ania. <\/p> <div> <p> V. PRAWA OS\u00d3B, KT\u00d3RYCH DANE DOTYCZ\u0104: <\/p> <\/div> <p> Zgodnie z RODO, przys\u0142uguje Ci: <br \/> a) prawo dost\u0119pu do tre\u015bci swoich danych oraz otrzymania ich kopii; <br \/> <br \/> b) prawo do sprostowania (poprawiania) swoich danych; <br \/> <br \/> c) prawo do \u017c\u0105dania usuni\u0119cia danych lub ograniczenia przetwarzania danych; <br \/> <br \/> d) prawo do wniesienia sprzeciwu wobec przetwarzania danych je\u015bli s\u0105 one przetwarzane w oparciu o uzasadniony interes Administratora lub w celu marketingu bezpo\u015bredniego; <br \/> <br \/> e)prawo do przenoszenia danych; <br \/> <br \/> f) prawo do wycofania zgody na przetwarzanie Twoich danych osobowych, je\u015bli do przetwarzania dosz\u0142o na podstawie zgody. Jednak cofni\u0119cie zgody nie wp\u0142ywa na zgodno\u015b\u0107 z prawem przetwarzania, kt\u00f3rego dokonano na podstawie Twojej zgody przed jej wycofaniem. <br \/> <br \/> g) prawo do wniesienia skargi do organu nadzorczego. <br \/> <br \/> Prawa wymienione w pkt od a) do f) mo\u017cesz zrealizowa\u0107 poprzez kontakt z Administratorem danych na adres podany na wst\u0119pie. <\/p> <div> <p> VI. DOBROWOLNO\u015a\u0106 PODANIA DANYCH OSOBOWYCH <\/p> <\/div> <p> Podanie swoich danych osobowych ma charakter dobrowolny, ale jest konieczne do zawarcia i wykonania z nami umowy sprzeda\u017cy\/ \u015bwiadczenia us\u0142ug. <\/p> <div> <p> VII. ZAUTOMATYZOWANE PODEJMOWANIE DECYZJI (PROFILOWANIE) <\/p> <\/div> <p> Administrator danych nie podejmuje decyzji w spos\u00f3b zautomatyzowany, z uwzgl\u0119dnieniem profilowania, w oparciu o przetwarzane dane osobowe. <\/p> <div> <h2> <br \/> POLITYKA COOKIES <\/h2> <\/div> <div> <p> JAKIE DANE ZBIERA SKLEP INTERNETOWY W SPOS\u00d3B AUTOMATYCZNY PODCZAS KORZYSTANIA Z WITRYNY? <\/p> <\/div> <p> Sklep internetowy nie zbiera w spos\u00f3b automatyczny \u017cadnych danych, z wyj\u0105tkiem danych zawartych w plikach cookies podczas samego korzystania z Witryny. Pliki cookies to ma\u0142e pliki tekstowe wysy\u0142ane przez sklep internetowy i przechowywane na Pa\u0144stwa komputerze zawieraj\u0105ce pewne informacje zwi\u0105zane z korzystaniem przez Pa\u0144stwa z Witryny i Sklepu Internetowego. Pliki cookies wykorzystywane s\u0105 przez sklep internetowy w celu obs\u0142ugi Witryny i zapewnienia mo\u017cliwo\u015bci udost\u0119pnienia Pa\u0144stwu interesuj\u0105cych informacji oraz podczas procesu zakupowego, np. w celu zapami\u0119tywania produkt\u00f3w dodanych do koszyka. <br \/> <br \/> Pliki cookies wykorzystywane przez sklep internetowy mog\u0105 mie\u0107 charakter tymczasowy lub trwa\u0142y. Tymczasowe pliki cookies s\u0105 usuwane z chwil\u0105 zamkni\u0119cia przegl\u0105darki, natomiast sta\u0142e pliki cookies s\u0105 przechowywane tak\u017ce po zako\u0144czeniu korzystania przez Pa\u0144stwa z Witryny i s\u0142u\u017c\u0105 do przechowywania informacji takich jak Pa\u0144stwa has\u0142o czy login, co przyspiesza i u\u0142atwia korzystanie z Witryny. W ka\u017cdym wypadku mog\u0105 Pa\u0144stwo zablokowa\u0107 instalowanie plik\u00f3w cookies lub usun\u0105\u0107 sta\u0142e pliki cookies, wykorzystuj\u0105c stosowne opcje Pa\u0144stwa przegl\u0105darki internetowej. W razie problem\u00f3w doradzamy skorzysta\u0107 z pliku pomocy przegl\u0105darki lub skontaktowa\u0107 si\u0119 z producentem przegl\u0105darki, z kt\u00f3rej Pa\u0144stwo korzystacie. <br \/> <br \/> Obok plik\u00f3w cookies sklep internetowy mo\u017ce r\u00f3wnie\u017c gromadzi\u0107 dane zwyczajowo zbierane przez administrator\u00f3w system\u00f3w internetowych w ramach tzw. log\u00f3w lub plik\u00f3w dziennika. Informacje zawarte w logach mog\u0105 obejmowa\u0107 m.in. Pa\u0144stwa adres IP, rodzaj platformy i przegl\u0105darki internetowej, dostawc\u0119 Internetu oraz adres strony, z kt\u00f3rej weszli\u015bcie Pa\u0144stwo na Witryn\u0119. <br \/> <br \/> Sklep korzysta z Google Analytics, serwisu analityki internetowej udost\u0119pnionego przez Google Inc. (\u201cGoogle\u201d). Google Analytics gromadzi pliki cookies stanowi\u0105ce informacje dotycz\u0105ce ogl\u0105dalno\u015bci stron internetowych oraz profilu systemowego u\u017cytkownika. Informacje te s\u0105 przekazywane sp\u00f3\u0142ce Google i przechowywane przez ni\u0105 na serwerach. Google u\u017cywa tych informacji w celu oceny korzystania z witryny przez u\u017cytkownika, tworzenia raport\u00f3w dotycz\u0105cych ruchu na stronach dla operator\u00f3w witryn oraz \u015bwiadczenia innych us\u0142ug zwi\u0105zanych z ruchem na witrynach internetowych i korzystaniem z Internetu. Adresy IP u\u017cytkownik\u00f3w nie s\u0105 \u0142\u0105czone z \u017cadnymi innymi danymi b\u0119d\u0105cymi w posiadaniu Google. Google mo\u017ce r\u00f3wnie\u017c przekazywa\u0107 te informacje osobom trzecim, je\u017celi jest to wymagane prawnie, lub je\u017celi osoby trzecie przetwarzaj\u0105 te informacje na zlecenie Google. Google nie b\u0119dzie \u0142\u0105czy\u0107 adresu IP u\u017cytkownika z \u017cadnymi innymi danymi przechowywanymi przez Google. Mo\u017cesz zablokowa\u0107 korzystanie z ciasteczek, wybieraj\u0105c odpowiednie ustawienia w Twojej przegl\u0105darce internetowej, jednak pami\u0119taj, \u017ce je\u015bli to zrobisz, mo\u017cesz nie by\u0107 w stanie korzysta\u0107 ze wszystkich funkcji Strony. Korzystaj\u0105c ze Strony, wyra\u017casz zgod\u0119 na przetwarzanie Twoich danych osobowych przez Google w spos\u00f3b i w celach okre\u015blonych powy\u017cej. <\/p> <div> <p> JAKIE DANE ZBIERA SKLEP INTERNETOWY PODCZAS REJESTRACJI I DOKONYWANIA ZAKUP\u00d3W? <\/p> <\/div> <p> Sklep internetowy b\u0119dzie od Pa\u0144stwa zbiera\u0142 nast\u0119puj\u0105ce dane osobowe za po\u015brednictwem Witryny oraz innych form komunikacji, w przypadku dokonywania zakup\u00f3w i procesu rejestracji na Witrynie: <\/p> <p> \u2022 nazwisko i imi\u0119, <\/p> <p> \u2022 adres zamieszkania, <\/p> <p> \u2022 adres do wysy\u0142ki, je\u017celi jest inny ni\u017c adres zamieszkania, <\/p> <p> \u2022 adres poczty elektronicznej, <\/p> <p> \u2022 numer telefonu. <\/p> <p> Podanie powy\u017cszych danych jest dobrowolne lecz konieczne dla dokonania rejestracji i zakupu w ramach Witryny. Podanie powy\u017cszych danych jest dobrowolne i wymaga Pa\u0144stwa zgody i jest konieczne wy\u0142\u0105cznie dla realizacji wskazanych powy\u017cej cel\u00f3w. <\/p> <p> Podkre\u015blamy, \u017ce nie musz\u0105 Pa\u0144stwo podawa\u0107 tych danych, je\u017celi nie chc\u0105 Pa\u0144stwo korzysta\u0107 z wskazanych powy\u017cej mo\u017cliwo\u015bci. Przys\u0142uguje Pa\u0144stwu prawo dost\u0119pu do tre\u015bci swoich danych osobowych oraz prawo ich poprawiania. W celu realizacji tego uprawnienia prosimy o korzystanie z opcji w ramach swojego konta lub z adresu: <a href=\"mailto:ensifer79@gmail.com\">ensifer79@gmail.com<\/a> Zgoda mo\u017ce by\u0107 cofni\u0119ta w ka\u017cdym czasie. <\/p><\/div>\t\t\t\t\t<\/div>\n\t\t\t\t\t\t<\/div>\n\t\t\t\t<\/div>\n\t\t\t\t\t\t<\/div>\n\t\t\t\t\t<\/div>\n\t\t<\/div>\n\t\t\t\t<div class=\"elementor-column elementor-col-16 elementor-top-column elementor-element elementor-element-c7482bf\" data-id=\"c7482bf\" data-element_type=\"column\">\n\t\t\t<div class=\"elementor-column-wrap\">\n\t\t\t\t\t\t\t<div class=\"elementor-widget-wrap\">\n\t\t\t\t\t\t\t\t<\/div>\n\t\t\t\t\t<\/div>\n\t\t<\/div>\n\t\t\t\t\t\t\t\t<\/div>\n\t\t\t\t\t<\/div>\n\t\t<\/section>\n\t\t\t\t<section class=\"elementor-section elementor-top-section elementor-element elementor-element-42b241c elementor-section-boxed elementor-section-height-default elementor-section-height-default\" data-id=\"42b241c\" data-element_type=\"section\" data-settings=\"{&quot;jet_parallax_layout_list&quot;:[{&quot;jet_parallax_layout_image&quot;:{&quot;url&quot;:&quot;&quot;,&quot;id&quot;:&quot;&quot;},&quot;_id&quot;:&quot;f72658d&quot;,&quot;jet_parallax_layout_image_tablet&quot;:{&quot;url&quot;:&quot;&quot;,&quot;id&quot;:&quot;&quot;},&quot;jet_parallax_layout_image_mobile&quot;:{&quot;url&quot;:&quot;&quot;,&quot;id&quot;:&quot;&quot;},&quot;jet_parallax_layout_speed&quot;:{&quot;unit&quot;:&quot;%&quot;,&quot;size&quot;:50,&quot;sizes&quot;:[]},&quot;jet_parallax_layout_type&quot;:&quot;scroll&quot;,&quot;jet_parallax_layout_direction&quot;:null,&quot;jet_parallax_layout_fx_direction&quot;:null,&quot;jet_parallax_layout_z_index&quot;:&quot;&quot;,&quot;jet_parallax_layout_bg_x&quot;:50,&quot;jet_parallax_layout_bg_x_tablet&quot;:&quot;&quot;,&quot;jet_parallax_layout_bg_x_mobile&quot;:&quot;&quot;,&quot;jet_parallax_layout_bg_y&quot;:50,&quot;jet_parallax_layout_bg_y_tablet&quot;:&quot;&quot;,&quot;jet_parallax_layout_bg_y_mobile&quot;:&quot;&quot;,&quot;jet_parallax_layout_bg_size&quot;:&quot;auto&quot;,&quot;jet_parallax_layout_bg_size_tablet&quot;:&quot;&quot;,&quot;jet_parallax_layout_bg_size_mobile&quot;:&quot;&quot;,&quot;jet_parallax_layout_animation_prop&quot;:&quot;transform&quot;,&quot;jet_parallax_layout_on&quot;:[&quot;desktop&quot;,&quot;tablet&quot;]}]}\">\n\t\t\t\t\t\t<div class=\"elementor-container elementor-column-gap-default\">\n\t\t\t\t\t\t\t<div class=\"elementor-row\">\n\t\t\t\t\t<div class=\"elementor-column elementor-col-100 elementor-top-column elementor-element elementor-element-30fb070\" data-id=\"30fb070\" data-element_type=\"column\">\n\t\t\t<div class=\"elementor-column-wrap elementor-element-populated\">\n\t\t\t\t\t\t\t<div class=\"elementor-widget-wrap\">\n\t\t\t\t\t\t<div class=\"elementor-element elementor-element-100a3ba elementor-widget elementor-widget-spacer\" data-id=\"100a3ba\" data-element_type=\"widget\" data-widget_type=\"spacer.default\">\n\t\t\t\t<div class=\"elementor-widget-container\">\n\t\t\t\t\t<div class=\"elementor-spacer\">\n\t\t\t<div class=\"elementor-spacer-inner\"><\/div>\n\t\t<\/div>\n\t\t\t\t<\/div>\n\t\t\t\t<\/div>\n\t\t\t\t\t\t<\/div>\n\t\t\t\t\t<\/div>\n\t\t<\/div>\n\t\t\t\t\t\t\t\t<\/div>\n\t\t\t\t\t<\/div>\n\t\t<\/section>\n\t\t\t\t\t\t\t\t\t<\/div>\n\t\t\t<\/div>\n\t\t\t\t\t<\/div>","protected":false},"excerpt":{"rendered":"<p>INFORMATION ON PERSONAL DATA PROCESSING \u00a0 On 25 May 2018, Regulation of the European Parliament and of the (EU) Council 2016\/679 of 27 April 2016 on the protection of individuals with regard to the processing of personal data as well as on free movement of such data and the repeal of Directive 95\/46\/EC, will apply &hellip;<\/p>\n<p class=\"read-more\"> <a class=\"\" href=\"https:\/\/old.ensifer.pl\/pl\/privacy-policy\/\"> <span class=\"screen-reader-text\">Polityka prywatno\u015bci<\/span> Read More &raquo;<\/a><\/p>","protected":false},"author":2,"featured_media":0,"parent":0,"menu_order":0,"comment_status":"closed","ping_status":"closed","template":"","meta":{"site-sidebar-layout":"default","site-content-layout":"default","ast-global-header-display":"","ast-main-header-display":"","ast-hfb-above-header-display":"","ast-hfb-below-header-display":"","ast-hfb-mobile-header-display":"","site-post-title":"","ast-breadcrumbs-content":"","ast-featured-img":"","footer-sml-layout":"","theme-transparent-header-meta":"default","adv-header-id-meta":"","stick-header-meta":"","header-above-stick-meta":"","header-main-stick-meta":"","header-below-stick-meta":""},"acf":[],"_links":{"self":[{"href":"https:\/\/old.ensifer.pl\/pl\/wp-json\/wp\/v2\/pages\/578"}],"collection":[{"href":"https:\/\/old.ensifer.pl\/pl\/wp-json\/wp\/v2\/pages"}],"about":[{"href":"https:\/\/old.ensifer.pl\/pl\/wp-json\/wp\/v2\/types\/page"}],"author":[{"embeddable":true,"href":"https:\/\/old.ensifer.pl\/pl\/wp-json\/wp\/v2\/users\/2"}],"replies":[{"embeddable":true,"href":"https:\/\/old.ensifer.pl\/pl\/wp-json\/wp\/v2\/comments?post=578"}],"version-history":[{"count":0,"href":"https:\/\/old.ensifer.pl\/pl\/wp-json\/wp\/v2\/pages\/578\/revisions"}],"wp:attachment":[{"href":"https:\/\/old.ensifer.pl\/pl\/wp-json\/wp\/v2\/media?parent=578"}],"curies":[{"name":"wp","href":"https:\/\/api.w.org\/{rel}","templated":true}]}}