{"id":1049,"date":"2021-01-10T20:41:28","date_gmt":"2021-01-10T19:41:28","guid":{"rendered":"https:\/\/ensifer.t44.pl\/?page_id=1049"},"modified":"2022-06-22T22:02:10","modified_gmt":"2022-06-22T20:02:10","slug":"crew","status":"publish","type":"page","link":"https:\/\/old.ensifer.pl\/pl\/about\/crew\/","title":{"rendered":"ZA\u0141OGA"},"content":{"rendered":"<div data-elementor-type=\"wp-page\" data-elementor-id=\"1049\" class=\"elementor elementor-1049\">\n\t\t\t\t\t\t<div class=\"elementor-inner\">\n\t\t\t\t<div class=\"elementor-section-wrap\">\n\t\t\t\t\t\t\t\t\t<section class=\"elementor-section elementor-top-section elementor-element elementor-element-3d4ea87 elementor-section-boxed elementor-section-height-default elementor-section-height-default\" data-id=\"3d4ea87\" data-element_type=\"section\" data-settings=\"{&quot;jet_parallax_layout_list&quot;:[{&quot;jet_parallax_layout_image&quot;:{&quot;url&quot;:&quot;&quot;,&quot;id&quot;:&quot;&quot;},&quot;_id&quot;:&quot;87d4722&quot;,&quot;jet_parallax_layout_image_tablet&quot;:{&quot;url&quot;:&quot;&quot;,&quot;id&quot;:&quot;&quot;},&quot;jet_parallax_layout_image_mobile&quot;:{&quot;url&quot;:&quot;&quot;,&quot;id&quot;:&quot;&quot;},&quot;jet_parallax_layout_speed&quot;:{&quot;unit&quot;:&quot;%&quot;,&quot;size&quot;:50,&quot;sizes&quot;:[]},&quot;jet_parallax_layout_type&quot;:&quot;scroll&quot;,&quot;jet_parallax_layout_direction&quot;:null,&quot;jet_parallax_layout_fx_direction&quot;:null,&quot;jet_parallax_layout_z_index&quot;:&quot;&quot;,&quot;jet_parallax_layout_bg_x&quot;:50,&quot;jet_parallax_layout_bg_x_tablet&quot;:&quot;&quot;,&quot;jet_parallax_layout_bg_x_mobile&quot;:&quot;&quot;,&quot;jet_parallax_layout_bg_y&quot;:50,&quot;jet_parallax_layout_bg_y_tablet&quot;:&quot;&quot;,&quot;jet_parallax_layout_bg_y_mobile&quot;:&quot;&quot;,&quot;jet_parallax_layout_bg_size&quot;:&quot;auto&quot;,&quot;jet_parallax_layout_bg_size_tablet&quot;:&quot;&quot;,&quot;jet_parallax_layout_bg_size_mobile&quot;:&quot;&quot;,&quot;jet_parallax_layout_animation_prop&quot;:&quot;transform&quot;,&quot;jet_parallax_layout_on&quot;:[&quot;desktop&quot;,&quot;tablet&quot;]}]}\">\n\t\t\t\t\t\t\t<div class=\"elementor-background-overlay\"><\/div>\n\t\t\t\t\t\t\t<div class=\"elementor-container elementor-column-gap-default\">\n\t\t\t\t\t\t\t<div class=\"elementor-row\">\n\t\t\t\t\t<div class=\"elementor-column elementor-col-50 elementor-top-column elementor-element elementor-element-2ad9812\" data-id=\"2ad9812\" data-element_type=\"column\">\n\t\t\t<div class=\"elementor-column-wrap elementor-element-populated\">\n\t\t\t\t\t\t\t<div class=\"elementor-widget-wrap\">\n\t\t\t\t\t\t<div class=\"elementor-element elementor-element-95e8d9d elementor-widget elementor-widget-jet-team-member\" data-id=\"95e8d9d\" data-element_type=\"widget\" data-widget_type=\"jet-team-member.default\">\n\t\t\t\t<div class=\"elementor-widget-container\">\n\t\t\t<div class=\"elementor-jet-team-member jet-elements\"><div class=\"jet-team-member\">\n\t<div class=\"jet-team-member__inner\">\n\t\t<div class=\"jet-team-member__image\">\n\t\t\t<div class=\"jet-team-member__cover\"><\/div>\n\t\t\t<figure class=\"jet-team-member__figure\"><img width=\"665\" height=\"1000\" src=\"https:\/\/old.ensifer.pl\/wp-content\/uploads\/2021\/04\/Kuba.jpg\" class=\"jet-team-member__img-tag\" alt=\"Kuba\" loading=\"lazy\" srcset=\"https:\/\/old.ensifer.pl\/wp-content\/uploads\/2021\/04\/Kuba.jpg 665w, https:\/\/old.ensifer.pl\/wp-content\/uploads\/2021\/04\/Kuba-768x1154.jpg 768w, https:\/\/old.ensifer.pl\/wp-content\/uploads\/2021\/04\/Kuba-600x902.jpg 600w\" sizes=\"(max-width: 665px) 100vw, 665px\" \/><\/figure>\t\t<\/div>\n\t\t<div class=\"jet-team-member__content\"><h3 class=\"jet-team-member__name\"><span class=\"jet-team-member__name-first\">Jakub <\/span><span class=\"jet-team-member__name-last\"> Moszczy\u0144ski<\/span><\/h3><div class=\"jet-team-member__position\"><span>MIECZNIK<\/span><\/div><p class=\"jet-team-member__desc\">Od 2010 zwi\u0105zany z rekonstrukcj\u0105 historyczn\u0105, rzemie\u015blnik samouk. Hobbistyczne zainteresowanie szermierk\u0105 historyczn\u0105 rozwin\u0105\u0142 do\u0142\u0105czaj\u0105c do Fechtschule Gda\u0144sk w 2013 roku, rok p\u00f3\u017cniej zosta\u0142 mianowany instruktorem. Ca\u0142y czas rozwija\u0142 swoje zainteresowanie r\u0119kodzie\u0142em aby w czerwcu 2016 do\u0142\u0105czy\u0107 do za\u0142ogi firmy Ensifer. w 2017 porzuci\u0142 treningui szermierki na rzecz rzemios\u0142a pozostaj\u0105c nadal aktywny w odtw\u00f3rstwie historycznym, b\u0119d\u0105c od kilku lat chor\u0105\u017cym Chor\u0105gwii Nadre\u0144skiej w inscenizacji Bitwy pod Grunwaldem. od 2019 prowadzi w\u0142asny fanpage na Facebooku na kt\u00f3rym dzieli si\u0119 owocami swojej pracy w czasie wolnym.<\/p><div class=\"jet-team-member__socials\"><div class=\"jet-team-member__socials-item\"><a href=\"#\"><\/a><\/div><\/div><\/div>\n\t<\/div>\n<\/div>\n<\/div>\t\t<\/div>\n\t\t\t\t<\/div>\n\t\t\t\t<div class=\"elementor-element elementor-element-0509f6c elementor-view-default elementor-widget elementor-widget-icon\" data-id=\"0509f6c\" data-element_type=\"widget\" data-widget_type=\"icon.default\">\n\t\t\t\t<div class=\"elementor-widget-container\">\n\t\t\t\t\t<div class=\"elementor-icon-wrapper\">\n\t\t\t<div class=\"elementor-icon\">\n\t\t\t<svg xmlns=\"http:\/\/www.w3.org\/2000\/svg\" xmlns:xlink=\"http:\/\/www.w3.org\/1999\/xlink\" xml:space=\"preserve\" width=\"42.3332mm\" height=\"42.3332mm\" style=\"shape-rendering:geometricPrecision; text-rendering:geometricPrecision; image-rendering:optimizeQuality; fill-rule:evenodd; clip-rule:evenodd\" viewbox=\"0 0 4233 4233\">\n <defs>\n  <style type=\"text\/css\">\n   <![CDATA[\n    .fil0 {fill:#FEFEFE}\n   ]]>\n  <\/style>\n <\/defs>\n <g id=\"Aqilla\">\n  <metadata id=\"CorelCorpID_0Corel-Layer\"><\/metadata>\n  <g id=\"_1745220540304\">\n   <g>\n    <path class=\"fil0\" d=\"M1701 2008c2,-7 7,-10 16,-9 -4,64 -8,127 -12,192 3,-2 4,-2 4,-3 24,-27 95,-100 95,-120 0,-7 0,-15 0,-22 -1,-22 -2,-44 -3,-66 0,-8 3,-12 8,-13 5,-1 8,2 11,10 5,17 9,35 14,53 1,2 1,4 2,10 5,-6 8,-9 11,-12 11,-18 22,-36 34,-53 9,-12 15,-25 12,-40 -1,-2 0,-3 0,-4 1,-13 21,-28 31,-13 3,3 3,8 2,12 -1,4 -1,7 -3,10 -4,7 -8,15 -13,22 -19,28 -37,56 -56,84 -25,37 -49,72 -73,109 -12,18 -12,21 6,32 35,22 69,43 103,64 2,2 5,3 8,5 2,-5 4,-9 6,-12 47,-121 94,-242 142,-363 2,-6 3,-11 2,-15 -2,-10 -65,-71 -83,-90l-12 -16c-28,10 -73,31 -101,41 -42,16 -85,34 -131,39 -20,3 -41,5 -62,4 -47,-1 -86,-21 -115,-57 -9,-11 -17,-22 -22,-35 -18,-46 -20,-93 2,-139 3,-5 5,-11 8,-16 5,-9 10,-18 17,-26 17,-21 34,-41 52,-61 6,-7 13,-14 20,-19 21,-14 43,-27 67,-35l0 -63c-5,0 -10,0 -14,0 -63,1 -125,1 -188,3 -39,1 -78,1 -118,2 -71,1 -143,2 -215,3 -38,1 -75,1 -113,2 -73,1 -146,2 -219,3 -38,1 -77,2 -115,2 -72,1 -145,2 -217,2 -84,1 -167,2 -251,3 -10,0 -19,2 -28,2 -1,1 -1,2 -1,3 1,2 3,4 4,6 9,11 18,22 27,33 6,7 10,15 16,21 23,21 43,45 59,71 10,17 21,25 39,24 26,-2 51,-4 78,-5 58,-2 116,-5 175,-7 70,-4 140,-7 210,-10 35,-2 71,-3 106,-5 62,-3 123,-6 185,-9 42,-2 84,-4 127,-6 56,-2 112,-5 168,-8 3,0 5,0 8,0 -3,8 -5,14 -8,22 -340,31 -680,58 -1022,87 3,4 5,6 7,8 19,20 39,40 58,60 20,21 41,43 61,65 10,10 20,16 34,11 1,-1 4,-1 6,-2 124,-22 248,-46 372,-68 153,-29 307,-57 461,-86 4,0 7,0 11,-1 1,1 1,2 1,3 -2,3 -4,6 -7,8 -3,2 -6,2 -10,4 -34,9 -69,18 -104,28 -78,22 -156,44 -234,65 -32,9 -64,17 -96,26 -29,8 -58,16 -87,25 -2,0 -3,0 -5,1 -11,2 -22,5 -32,7 -17,4 -33,9 -50,14 -13,3 -26,5 -38,8 -6,1 -11,4 -17,6 -14,4 -29,7 -43,12 -19,8 -39,12 -58,18 -4,2 -9,3 -17,6 5,3 8,4 10,6 42,38 85,76 128,115 4,3 7,7 11,11 8,8 17,11 28,6 5,-3 11,-5 16,-7 195,-76 389,-152 584,-228 3,-1 7,-2 11,-4 2,14 1,17 -9,23 -13,8 -27,14 -40,21 -128,69 -256,138 -384,207 -28,15 -56,29 -84,44 -7,4 -15,7 -21,14 50,43 98,84 148,127 71,-54 139,-112 209,-167 70,-55 140,-111 210,-167 3,4 6,7 8,11 -2,3 -4,5 -6,8 -58,59 -115,118 -173,178 -55,57 -111,115 -166,173 -3,3 -5,6 -8,9 42,27 84,54 125,80 11,7 11,7 19,-4 0,0 1,-1 1,-1 67,-86 133,-172 200,-258 22,-30 46,-60 69,-89 3,-4 6,-10 14,-7 -2,5 -3,10 -6,15 -42,71 -83,143 -125,214 -27,47 -54,94 -81,140 -3,5 -8,10 -7,17 2,1 2,1 3,1 43,7 87,14 130,19 7,1 15,1 22,2 4,-9 7,-16 10,-24 44,-100 87,-200 131,-301 5,-11 9,-22 15,-33 7,-13 15,-15 29,-6 -1,5 -2,10 -4,15 -37,111 -74,222 -111,333 -1,3 -2,6 -3,9 2,0 3,0 4,-1 45,-32 90,-64 135,-96 9,-6 14,-14 16,-24 3,-14 5,-28 9,-42 11,-50 22,-100 33,-149 2,-11 4,-22 7,-32z\"><\/path>\n    <path class=\"fil0\" d=\"M1935 2646c-10,-15 -19,-29 -29,-44 -7,-9 -8,-19 -3,-30 1,-4 3,-8 6,-13 21,-38 43,-75 64,-113 2,-3 3,-6 5,-10 -25,-20 -50,-39 -76,-60 -3,7 -6,12 -8,18 -21,44 -42,88 -64,132 -15,29 -9,27 -45,26 -32,-1 -63,-2 -94,-3 -3,0 -7,0 -11,1 7,43 14,86 21,128 3,-2 4,-5 6,-7 9,-17 19,-33 28,-50 2,-4 6,-8 12,-8 13,0 25,0 40,0 -2,4 -3,6 -5,8 -24,45 -48,90 -73,135 -2,5 -5,10 -8,16 -6,13 -3,26 7,36 7,6 16,11 24,17 25,14 53,11 82,11 -5,-5 -8,-9 -11,-12 -8,-8 -17,-15 -24,-23 -14,-16 -15,-26 -5,-43 14,-22 28,-45 42,-68 8,-11 15,-24 23,-36 5,4 10,8 16,12 6,4 8,9 5,17 -8,23 -16,46 -24,69 0,3 -1,5 -2,10 5,-4 9,-6 13,-8 27,-20 55,-40 82,-60 2,-1 5,-3 7,-5 9,-7 10,-13 7,-24 -2,-6 -5,-13 -8,-19z\"><\/path>\n    <path class=\"fil0\" d=\"M2176 1690c18,39 35,78 53,117 0,2 2,4 4,7 3,-3 5,-5 7,-7 21,-23 42,-46 64,-69 15,-16 30,-32 45,-48 8,-8 11,-18 9,-29 -5,-28 -19,-52 -41,-71 -4,-4 -9,-6 -13,-9 -9,6 -16,12 -23,17 -34,23 -68,47 -102,70 -9,6 -9,7 -5,17 1,2 1,4 2,5z\"><\/path>\n    <path class=\"fil0\" d=\"M1932 1663c2,-5 4,-10 6,-15 22,-43 48,-81 99,-94 15,-4 17,-10 13,-27 -17,-1 -34,-3 -50,-4 -44,-3 -88,-5 -132,-8 -22,-2 -44,-3 -67,-5 -6,0 -9,2 -12,8 -7,16 -15,32 -23,48 -1,1 -1,3 -2,6 55,31 109,62 165,93 2,0 3,-1 3,-2zm-77 -76c-11,0 -22,-10 -23,-21 0,-10 9,-21 19,-20 11,0 24,11 23,20 0,10 -11,21 -19,21z\"><\/path>\n    <path class=\"fil0\" d=\"M2024 1591c-33,16 -65,56 -75,92 11,17 110,135 117,140 9,-14 58,-140 60,-152 -1,0 -1,-1 -2,-2 -28,-22 -56,-46 -84,-68 -6,-4 -11,-7 -16,-10z\"><\/path>\n    <path class=\"fil0\" d=\"M2264 1543c7,2 14,5 22,5 20,3 36,13 49,26 11,11 20,23 29,35 8,10 12,22 14,35 1,15 4,30 7,45 24,-3 34,-10 43,-31 6,-15 14,-29 25,-41 12,-15 26,-26 44,-32 6,-2 11,-2 17,-4 2,-1 5,-4 5,-6 0,-13 -1,-26 -2,-39 -35,-6 -247,-22 -257,-20 -1,5 -2,11 -3,16 -1,6 1,10 7,11z\"><\/path>\n    <path class=\"fil0\" d=\"M2457 1648c-1,2 -3,4 -5,7 27,3 53,7 79,10 10,1 10,1 12,11 3,17 8,34 16,52 19,-27 39,-51 51,-80 1,-3 2,-5 2,-8 2,-13 -2,-19 -15,-23 -15,-4 -30,-9 -45,-13 -9,-2 -18,-3 -27,-5 -6,-2 -10,0 -15,4 -17,15 -35,30 -53,45z\"><\/path>\n    <path class=\"fil0\" d=\"M1688 1663c1,2 3,3 4,5 18,19 36,39 55,59 1,1 3,2 5,4 0,-9 0,-17 0,-24 -3,-21 6,-33 25,-41 18,-8 35,-16 53,-25 3,-2 7,-3 12,-6 -22,-12 -43,-23 -63,-34 -5,-2 -8,0 -11,1 -25,12 -50,23 -75,34 -16,8 -17,14 -5,27z\"><\/path>\n    <path class=\"fil0\" d=\"M2355 2591c-2,-4 -4,-9 -6,-14 -22,-48 -45,-96 -67,-145 -1,-1 -1,-3 -2,-5 2,-3 4,-5 6,-7 29,-25 59,-51 89,-77 18,-15 18,-18 10,-39 -62,-156 -123,-313 -184,-469 -16,-39 -30,-77 -45,-115 0,0 -1,-1 -1,-1l-2 1c-16,38 -30,76 -46,115 -61,156 -123,313 -184,469 -8,22 -7,24 10,39 30,26 60,52 89,77 2,2 5,4 6,7 -1,2 -1,3 -1,5 -23,49 -46,97 -68,145 -2,5 -4,9 -6,14 -2,5 -1,10 1,14 4,6 24,26 32,31 2,-4 4,-7 6,-10 17,-42 35,-84 53,-126 3,-6 5,-13 12,-17 11,6 12,9 7,22 -16,45 -31,89 -47,133 -4,10 -4,19 3,27 9,10 18,21 26,31 8,-1 9,-8 11,-13 16,-44 31,-88 46,-132 3,-9 7,-18 10,-27 9,8 9,8 7,16 -4,17 -9,34 -14,51 -11,37 -22,74 -33,111 -3,11 -1,21 6,31 15,19 56,57 74,73l0 2c0,0 0,-1 1,-1 0,1 1,1 1,1l0 -2c17,-16 59,-54 74,-73 7,-10 9,-20 5,-31 -11,-37 -22,-74 -32,-111 -5,-17 -10,-34 -14,-51 -2,-8 -2,-8 6,-16 4,9 8,18 11,27 15,44 30,88 45,132 2,5 3,12 11,13 9,-10 18,-21 27,-31 6,-8 6,-17 3,-27 -16,-44 -32,-88 -47,-133 -5,-13 -4,-16 7,-22 7,4 9,11 12,17 18,42 35,84 53,126 2,3 4,7 5,10 8,-5 29,-25 32,-31 3,-4 5,-9 2,-14z\"><\/path>\n    <path class=\"fil0\" d=\"M2547 2613c6,0 9,4 12,9 9,16 19,33 28,49 1,3 2,5 6,7 7,-42 13,-84 20,-128 -4,0 -7,-1 -11,-1 -31,1 -62,2 -93,3 -36,1 -31,4 -46,-26 -22,-43 -42,-88 -63,-132 -3,-5 -5,-10 -9,-17 -25,20 -50,40 -76,60 2,3 3,6 5,9 21,38 43,76 64,114 3,4 5,8 7,12 4,11 3,21 -4,31 -9,14 -19,29 -28,44 -4,6 -7,12 -9,19 -4,11 -3,16 6,24 2,2 5,3 7,5 27,20 55,40 83,60 3,2 7,4 12,8 -1,-5 -1,-7 -2,-10 -8,-23 -16,-46 -24,-69 -3,-8 -1,-13 6,-18 5,-3 10,-7 15,-11 8,12 15,24 23,36 14,23 28,45 42,68 10,17 10,27 -4,42 -8,8 -17,16 -25,24 -3,3 -6,7 -10,12 29,-1 56,3 81,-12 8,-5 17,-10 24,-16 10,-10 13,-23 7,-36 -3,-6 -5,-11 -8,-16 -25,-45 -49,-90 -73,-135 -2,-2 -3,-4 -4,-8 15,-1 28,-1 41,-1z\"><\/path>\n    <path class=\"fil0\" d=\"M4104 1415c-9,0 -18,-2 -28,-2 -83,0 -167,-1 -251,-3 -72,0 -144,-1 -217,-2 -38,-1 -77,-2 -115,-2 -73,-1 -146,-2 -219,-4 -38,0 -75,0 -113,-1 -72,-1 -144,-2 -216,-3 -39,-1 -79,-1 -118,-2 -63,-2 -125,-2 -187,-4 -5,0 -10,0 -15,0l0 62c24,9 46,21 67,35 7,6 14,13 21,20 17,20 34,40 51,60 7,8 12,18 18,27 3,5 5,10 7,16 23,46 20,92 2,138 -5,13 -13,25 -22,35 -29,37 -67,56 -115,58 -21,0 -41,-2 -62,-5 -46,-6 -89,-22 -131,-38 -28,-11 -73,-32 -101,-42l-12 17c-17,18 -81,79 -83,89 -1,4 0,9 2,15 48,121 95,242 142,363 2,4 4,8 6,13 3,-2 6,-4 8,-6 34,-21 69,-42 103,-64 18,-11 19,-14 6,-32 -24,-36 -48,-72 -72,-108 -19,-28 -38,-56 -57,-84 -4,-7 -8,-15 -13,-23 -1,-3 -2,-6 -3,-9 -1,-5 0,-9 2,-13 10,-14 30,0 31,13 0,2 1,3 0,4 -3,15 3,28 12,40 12,18 23,35 35,53 2,4 6,7 10,12 1,-5 2,-7 2,-10 5,-18 10,-35 15,-53 2,-8 6,-11 10,-10 6,1 9,5 8,14 -1,22 -1,43 -2,65 -1,8 0,15 -1,23 0,18 71,92 95,119 1,2 1,2 4,3 -4,-64 -8,-128 -12,-192 9,-1 14,2 16,9 3,10 6,21 8,31 11,50 22,99 33,149 3,14 6,28 9,42 2,10 7,18 16,24 45,32 90,65 135,97 0,0 1,0 3,1 -1,-4 -1,-7 -2,-9 -37,-111 -74,-222 -111,-333 -2,-5 -3,-11 -4,-16 14,-9 22,-7 29,7 5,11 10,22 15,33 44,100 87,201 131,301 3,7 6,14 10,23 7,0 14,0 22,-1 43,-6 86,-13 130,-19 1,0 1,-1 2,-1 1,-7 -3,-12 -6,-17 -27,-47 -54,-94 -82,-141 -41,-71 -83,-143 -124,-214 -3,-4 -4,-9 -7,-15 9,-3 12,3 15,7 23,30 46,59 69,89 67,86 133,172 199,258 1,1 1,1 2,2 7,10 8,10 19,3 41,-26 82,-52 125,-79 -3,-4 -6,-7 -8,-10 -56,-57 -111,-115 -167,-173 -57,-59 -114,-118 -172,-178 -2,-2 -4,-5 -7,-8 3,-3 5,-7 8,-11 71,56 140,112 210,167 70,56 138,114 210,167 49,-43 98,-84 148,-126 -7,-8 -14,-11 -21,-14 -28,-15 -56,-30 -84,-45 -128,-68 -256,-138 -384,-206 -13,-7 -27,-14 -40,-21 -11,-7 -11,-10 -9,-23 4,1 7,2 11,4 194,76 389,152 584,228 5,2 11,4 16,6 11,5 19,3 27,-6 4,-4 8,-7 12,-11 42,-38 85,-76 128,-114 2,-3 5,-4 10,-7 -8,-2 -13,-4 -17,-5 -20,-7 -39,-11 -59,-18 -14,-6 -28,-9 -43,-13 -5,-2 -11,-4 -16,-5 -13,-3 -25,-6 -38,-9 -17,-4 -33,-9 -50,-13 -11,-3 -22,-5 -32,-8 -2,0 -3,0 -5,-1 -29,-8 -59,-17 -88,-25 -32,-9 -64,-17 -96,-25 -78,-22 -156,-44 -234,-65 -34,-10 -69,-19 -104,-29 -3,-1 -7,-2 -10,-4 -3,-2 -5,-5 -7,-7 1,-1 1,-2 1,-3 4,0 8,0 11,1 154,28 308,57 462,85 124,23 248,46 372,69 2,0 4,1 6,1 13,6 23,0 33,-10 21,-22 41,-44 62,-66 19,-20 39,-39 58,-59 2,-2 3,-4 6,-8 -341,-30 -682,-57 -1021,-88 -3,-8 -5,-14 -8,-22 3,0 5,0 8,0 56,3 112,6 168,8 42,2 84,4 127,6 61,3 123,6 184,9 36,2 72,3 107,5 70,3 140,7 210,10 58,2 116,5 175,7 26,1 52,3 78,5 17,2 28,-6 39,-24 16,-26 36,-50 58,-71 7,-5 11,-14 16,-21 9,-11 18,-22 27,-33 2,-2 3,-4 5,-6 0,2 0,1 -1,0z\"><\/path>\n   <\/g>\n  <\/g>\n <\/g>\n<\/svg>\t\t\t<\/div>\n\t\t<\/div>\n\t\t\t\t<\/div>\n\t\t\t\t<\/div>\n\t\t\t\t\t\t<\/div>\n\t\t\t\t\t<\/div>\n\t\t<\/div>\n\t\t\t\t<div class=\"elementor-column elementor-col-50 elementor-top-column elementor-element elementor-element-28b22d0\" data-id=\"28b22d0\" data-element_type=\"column\">\n\t\t\t<div class=\"elementor-column-wrap\">\n\t\t\t\t\t\t\t<div class=\"elementor-widget-wrap\">\n\t\t\t\t\t\t\t\t<\/div>\n\t\t\t\t\t<\/div>\n\t\t<\/div>\n\t\t\t\t\t\t\t\t<\/div>\n\t\t\t\t\t<\/div>\n\t\t<\/section>\n\t\t\t\t<section class=\"elementor-section elementor-top-section elementor-element elementor-element-d974026 elementor-section-boxed elementor-section-height-default elementor-section-height-default\" data-id=\"d974026\" data-element_type=\"section\" data-settings=\"{&quot;jet_parallax_layout_list&quot;:[{&quot;jet_parallax_layout_image&quot;:{&quot;url&quot;:&quot;&quot;,&quot;id&quot;:&quot;&quot;},&quot;_id&quot;:&quot;f12a217&quot;,&quot;jet_parallax_layout_image_tablet&quot;:{&quot;url&quot;:&quot;&quot;,&quot;id&quot;:&quot;&quot;},&quot;jet_parallax_layout_image_mobile&quot;:{&quot;url&quot;:&quot;&quot;,&quot;id&quot;:&quot;&quot;},&quot;jet_parallax_layout_speed&quot;:{&quot;unit&quot;:&quot;%&quot;,&quot;size&quot;:50,&quot;sizes&quot;:[]},&quot;jet_parallax_layout_type&quot;:&quot;scroll&quot;,&quot;jet_parallax_layout_direction&quot;:null,&quot;jet_parallax_layout_fx_direction&quot;:null,&quot;jet_parallax_layout_z_index&quot;:&quot;&quot;,&quot;jet_parallax_layout_bg_x&quot;:50,&quot;jet_parallax_layout_bg_x_tablet&quot;:&quot;&quot;,&quot;jet_parallax_layout_bg_x_mobile&quot;:&quot;&quot;,&quot;jet_parallax_layout_bg_y&quot;:50,&quot;jet_parallax_layout_bg_y_tablet&quot;:&quot;&quot;,&quot;jet_parallax_layout_bg_y_mobile&quot;:&quot;&quot;,&quot;jet_parallax_layout_bg_size&quot;:&quot;auto&quot;,&quot;jet_parallax_layout_bg_size_tablet&quot;:&quot;&quot;,&quot;jet_parallax_layout_bg_size_mobile&quot;:&quot;&quot;,&quot;jet_parallax_layout_animation_prop&quot;:&quot;transform&quot;,&quot;jet_parallax_layout_on&quot;:[&quot;desktop&quot;,&quot;tablet&quot;]}]}\">\n\t\t\t\t\t\t<div class=\"elementor-container elementor-column-gap-default\">\n\t\t\t\t\t\t\t<div class=\"elementor-row\">\n\t\t\t\t\t<div class=\"elementor-column elementor-col-100 elementor-top-column elementor-element elementor-element-221a661\" data-id=\"221a661\" data-element_type=\"column\">\n\t\t\t<div class=\"elementor-column-wrap elementor-element-populated\">\n\t\t\t\t\t\t\t<div class=\"elementor-widget-wrap\">\n\t\t\t\t\t\t<div class=\"elementor-element elementor-element-24a7a5e elementor-widget elementor-widget-spacer\" data-id=\"24a7a5e\" data-element_type=\"widget\" data-widget_type=\"spacer.default\">\n\t\t\t\t<div class=\"elementor-widget-container\">\n\t\t\t\t\t<div class=\"elementor-spacer\">\n\t\t\t<div class=\"elementor-spacer-inner\"><\/div>\n\t\t<\/div>\n\t\t\t\t<\/div>\n\t\t\t\t<\/div>\n\t\t\t\t\t\t<\/div>\n\t\t\t\t\t<\/div>\n\t\t<\/div>\n\t\t\t\t\t\t\t\t<\/div>\n\t\t\t\t\t<\/div>\n\t\t<\/section>\n\t\t\t\t<section class=\"elementor-section elementor-top-section elementor-element elementor-element-0965382 elementor-section-boxed elementor-section-height-default elementor-section-height-default\" data-id=\"0965382\" data-element_type=\"section\" data-settings=\"{&quot;jet_parallax_layout_list&quot;:[{&quot;jet_parallax_layout_image&quot;:{&quot;url&quot;:&quot;&quot;,&quot;id&quot;:&quot;&quot;},&quot;_id&quot;:&quot;2855f22&quot;,&quot;jet_parallax_layout_image_tablet&quot;:{&quot;url&quot;:&quot;&quot;,&quot;id&quot;:&quot;&quot;},&quot;jet_parallax_layout_image_mobile&quot;:{&quot;url&quot;:&quot;&quot;,&quot;id&quot;:&quot;&quot;},&quot;jet_parallax_layout_speed&quot;:{&quot;unit&quot;:&quot;%&quot;,&quot;size&quot;:50,&quot;sizes&quot;:[]},&quot;jet_parallax_layout_type&quot;:&quot;scroll&quot;,&quot;jet_parallax_layout_direction&quot;:null,&quot;jet_parallax_layout_fx_direction&quot;:null,&quot;jet_parallax_layout_z_index&quot;:&quot;&quot;,&quot;jet_parallax_layout_bg_x&quot;:50,&quot;jet_parallax_layout_bg_x_tablet&quot;:&quot;&quot;,&quot;jet_parallax_layout_bg_x_mobile&quot;:&quot;&quot;,&quot;jet_parallax_layout_bg_y&quot;:50,&quot;jet_parallax_layout_bg_y_tablet&quot;:&quot;&quot;,&quot;jet_parallax_layout_bg_y_mobile&quot;:&quot;&quot;,&quot;jet_parallax_layout_bg_size&quot;:&quot;auto&quot;,&quot;jet_parallax_layout_bg_size_tablet&quot;:&quot;&quot;,&quot;jet_parallax_layout_bg_size_mobile&quot;:&quot;&quot;,&quot;jet_parallax_layout_animation_prop&quot;:&quot;transform&quot;,&quot;jet_parallax_layout_on&quot;:[&quot;desktop&quot;,&quot;tablet&quot;]}]}\">\n\t\t\t\t\t\t<div class=\"elementor-container elementor-column-gap-default\">\n\t\t\t\t\t\t\t<div class=\"elementor-row\">\n\t\t\t\t\t<div class=\"elementor-column elementor-col-100 elementor-top-column elementor-element elementor-element-0f7aa25\" data-id=\"0f7aa25\" data-element_type=\"column\">\n\t\t\t<div class=\"elementor-column-wrap elementor-element-populated\">\n\t\t\t\t\t\t\t<div class=\"elementor-widget-wrap\">\n\t\t\t\t\t\t<div class=\"elementor-element elementor-element-f6e777c elementor-aspect-ratio-169 elementor-widget elementor-widget-video\" data-id=\"f6e777c\" data-element_type=\"widget\" data-settings=\"{&quot;youtube_url&quot;:&quot;https:\\\/\\\/www.youtube.com\\\/watch?v=0A4Q2CwNj6M&quot;,&quot;video_type&quot;:&quot;youtube&quot;,&quot;controls&quot;:&quot;yes&quot;,&quot;aspect_ratio&quot;:&quot;169&quot;}\" data-widget_type=\"video.default\">\n\t\t\t\t<div class=\"elementor-widget-container\">\n\t\t\t\t\t<div class=\"elementor-wrapper elementor-fit-aspect-ratio elementor-open-inline\">\n\t\t\t<div class=\"elementor-video\"><\/div>\t\t<\/div>\n\t\t\t\t<\/div>\n\t\t\t\t<\/div>\n\t\t\t\t\t\t<\/div>\n\t\t\t\t\t<\/div>\n\t\t<\/div>\n\t\t\t\t\t\t\t\t<\/div>\n\t\t\t\t\t<\/div>\n\t\t<\/section>\n\t\t\t\t\t\t\t\t\t<\/div>\n\t\t\t<\/div>\n\t\t\t\t\t<\/div>","protected":false},"excerpt":{"rendered":"<p>Jakub Moszczy\u0144ski THE SWORD CUTLER In historical reenactment since 2010, a self-taught craftsman. His interest in historical fencing brought him in contact with Fechtschule Gda\u0144sk, where he trained since 2013 and became promoted to instructor a year later. In the meantime, he kept developing his workmanship and in 2016 he joined the Ensifer team. In &hellip;<\/p>\n<p class=\"read-more\"> <a class=\"\" href=\"https:\/\/old.ensifer.pl\/pl\/about\/crew\/\"> <span class=\"screen-reader-text\">ZA\u0141OGA<\/span> Read More &raquo;<\/a><\/p>","protected":false},"author":2,"featured_media":0,"parent":113,"menu_order":0,"comment_status":"closed","ping_status":"closed","template":"","meta":{"site-sidebar-layout":"no-sidebar","site-content-layout":"page-builder","ast-global-header-display":"","ast-main-header-display":"","ast-hfb-above-header-display":"","ast-hfb-below-header-display":"","ast-hfb-mobile-header-display":"","site-post-title":"disabled","ast-breadcrumbs-content":"","ast-featured-img":"disabled","footer-sml-layout":"","theme-transparent-header-meta":"default","adv-header-id-meta":"","stick-header-meta":"","header-above-stick-meta":"","header-main-stick-meta":"","header-below-stick-meta":""},"acf":[],"_links":{"self":[{"href":"https:\/\/old.ensifer.pl\/pl\/wp-json\/wp\/v2\/pages\/1049"}],"collection":[{"href":"https:\/\/old.ensifer.pl\/pl\/wp-json\/wp\/v2\/pages"}],"about":[{"href":"https:\/\/old.ensifer.pl\/pl\/wp-json\/wp\/v2\/types\/page"}],"author":[{"embeddable":true,"href":"https:\/\/old.ensifer.pl\/pl\/wp-json\/wp\/v2\/users\/2"}],"replies":[{"embeddable":true,"href":"https:\/\/old.ensifer.pl\/pl\/wp-json\/wp\/v2\/comments?post=1049"}],"version-history":[{"count":13,"href":"https:\/\/old.ensifer.pl\/pl\/wp-json\/wp\/v2\/pages\/1049\/revisions"}],"predecessor-version":[{"id":3558,"href":"https:\/\/old.ensifer.pl\/pl\/wp-json\/wp\/v2\/pages\/1049\/revisions\/3558"}],"up":[{"embeddable":true,"href":"https:\/\/old.ensifer.pl\/pl\/wp-json\/wp\/v2\/pages\/113"}],"wp:attachment":[{"href":"https:\/\/old.ensifer.pl\/pl\/wp-json\/wp\/v2\/media?parent=1049"}],"curies":[{"name":"wp","href":"https:\/\/api.w.org\/{rel}","templated":true}]}}